{"id":3352,"date":"2023-06-14T13:34:27","date_gmt":"2023-06-14T16:34:27","guid":{"rendered":"http:\/\/www.desarrollowpdiseno.utalca.cl\/?page_id=3352"},"modified":"2024-04-18T16:15:26","modified_gmt":"2024-04-18T19:15:26","slug":"centros-de-practica","status":"publish","type":"page","link":"https:\/\/diseno.utalca.cl\/?page_id=3352","title":{"rendered":"Centros de Pr\u00e1ctica"},"content":{"rendered":"\t\t<div data-elementor-type=\"wp-page\" data-elementor-id=\"3352\" class=\"elementor elementor-3352\" data-elementor-settings=\"[]\">\n\t\t\t\t\t\t\t<div class=\"elementor-section-wrap\">\n\t\t\t\t\t\t\t<section class=\"elementor-section elementor-top-section elementor-element elementor-element-ededfb3 elementor-section-height-min-height elementor-section-stretched elementor-section-boxed elementor-section-height-default elementor-section-items-middle\" data-id=\"ededfb3\" data-element_type=\"section\" data-settings=\"{&quot;stretch_section&quot;:&quot;section-stretched&quot;,&quot;background_background&quot;:&quot;slideshow&quot;,&quot;background_slideshow_gallery&quot;:[{&quot;id&quot;:3830,&quot;url&quot;:&quot;https:\\\/\\\/diseno.utalca.cl\\\/wp-content\\\/uploads\\\/2023\\\/06\\\/ESCUELA-DISEN\\u0303O-115-scaled.jpg&quot;},{&quot;id&quot;:3832,&quot;url&quot;:&quot;https:\\\/\\\/diseno.utalca.cl\\\/wp-content\\\/uploads\\\/2023\\\/06\\\/ESCUELA-DISEN\\u0303O-157-scaled.jpg&quot;}],&quot;background_slideshow_loop&quot;:&quot;yes&quot;,&quot;background_slideshow_slide_duration&quot;:5000,&quot;background_slideshow_slide_transition&quot;:&quot;fade&quot;,&quot;background_slideshow_transition_duration&quot;:500,&quot;architecturer_ext_is_background_parallax&quot;:&quot;false&quot;,&quot;architecturer_ext_is_background_on_scroll&quot;:&quot;false&quot;}\">\n\t\t\t\t\t\t\t<div class=\"elementor-background-overlay\"><\/div>\n\t\t\t\t\t\t\t<div class=\"elementor-container elementor-column-gap-default\">\n\t\t\t\t\t<div class=\"elementor-column elementor-col-100 elementor-top-column elementor-element elementor-element-da02b03\" data-id=\"da02b03\" data-element_type=\"column\" data-settings=\"{&quot;architecturer_ext_is_mobile_menu&quot;:&quot;false&quot;,&quot;architecturer_ext_is_scrollme&quot;:&quot;false&quot;,&quot;architecturer_ext_is_smoove&quot;:&quot;false&quot;,&quot;architecturer_ext_is_parallax_mouse&quot;:&quot;false&quot;,&quot;architecturer_ext_is_infinite&quot;:&quot;false&quot;,&quot;architecturer_ext_is_fadeout_animation&quot;:&quot;false&quot;}\">\n\t\t\t<div class=\"elementor-widget-wrap elementor-element-populated\">\n\t\t\t\t\t\t\t\t<div class=\"elementor-element elementor-element-b8da971 elementor-widget elementor-widget-architecturer-animated-text\" data-id=\"b8da971\" data-element_type=\"widget\" data-settings=\"{&quot;architecturer_ext_is_mobile_menu&quot;:&quot;false&quot;,&quot;architecturer_ext_is_scrollme&quot;:&quot;false&quot;,&quot;architecturer_ext_is_smoove&quot;:&quot;false&quot;,&quot;architecturer_ext_is_parallax_mouse&quot;:&quot;false&quot;,&quot;architecturer_ext_is_infinite&quot;:&quot;false&quot;,&quot;architecturer_ext_is_fadeout_animation&quot;:&quot;false&quot;}\" data-widget_type=\"architecturer-animated-text.default\">\n\t\t\t\t<div class=\"elementor-widget-container\">\n\t\t\t<div class=\"themegoods-animated-text text-alignment-left transition-bottom overflow-hidden\" data-delimiter=\"sentence\" data-transition=\"100\" data-transition-delay=\"0\" data-transition-duration=\"800\">\n\t\t<h2>\n\t\t\t<\/h2>\n\t<\/div>\t\t<\/div>\n\t\t\t\t<\/div>\n\t\t\t\t<div class=\"elementor-element elementor-element-a9782b9 elementor-widget elementor-widget-architecturer-animated-headline\" data-id=\"a9782b9\" data-element_type=\"widget\" data-settings=\"{&quot;architecturer_ext_is_mobile_menu&quot;:&quot;false&quot;,&quot;architecturer_ext_is_scrollme&quot;:&quot;false&quot;,&quot;architecturer_ext_is_smoove&quot;:&quot;false&quot;,&quot;architecturer_ext_is_parallax_mouse&quot;:&quot;false&quot;,&quot;architecturer_ext_is_infinite&quot;:&quot;false&quot;,&quot;architecturer_ext_is_fadeout_animation&quot;:&quot;false&quot;}\" data-widget_type=\"architecturer-animated-headline.default\">\n\t\t\t\t<div class=\"elementor-widget-container\">\n\t\t\t<div class=\"themegoods-animated-headline text-alignment-left\" data-animation=\"push\">\n\t<h1 class=\"animated-headline ah-headline\">\n\t\t\t\t<span class=\"ah-words-wrapper\">\n\t\t\t\t<b class=\"is-visible\">Pr\u00e1cticas<\/b>\n\t\t\t<\/span>\n\t\t\n\t\t<\/h1>\n<\/div>\t\t<\/div>\n\t\t\t\t<\/div>\n\t\t\t\t\t<\/div>\n\t\t<\/div>\n\t\t\t\t\t\t\t<\/div>\n\t\t<\/section>\n\t\t\t\t<section class=\"elementor-section elementor-top-section elementor-element elementor-element-6f54bc7 elementor-section-boxed elementor-section-height-default elementor-section-height-default\" data-id=\"6f54bc7\" data-element_type=\"section\" data-settings=\"{&quot;architecturer_ext_is_background_parallax&quot;:&quot;false&quot;,&quot;architecturer_ext_is_background_on_scroll&quot;:&quot;false&quot;}\">\n\t\t\t\t\t\t<div class=\"elementor-container elementor-column-gap-default\">\n\t\t\t\t\t<div class=\"elementor-column elementor-col-100 elementor-top-column elementor-element elementor-element-ab85123\" data-id=\"ab85123\" data-element_type=\"column\" data-settings=\"{&quot;architecturer_ext_is_mobile_menu&quot;:&quot;false&quot;,&quot;architecturer_ext_is_scrollme&quot;:&quot;false&quot;,&quot;architecturer_ext_is_smoove&quot;:&quot;false&quot;,&quot;architecturer_ext_is_parallax_mouse&quot;:&quot;false&quot;,&quot;architecturer_ext_is_infinite&quot;:&quot;false&quot;,&quot;architecturer_ext_is_fadeout_animation&quot;:&quot;false&quot;}\">\n\t\t\t<div class=\"elementor-widget-wrap elementor-element-populated\">\n\t\t\t\t\t\t\t\t<div class=\"elementor-element elementor-element-a11733b elementor-widget elementor-widget-spacer\" data-id=\"a11733b\" data-element_type=\"widget\" data-settings=\"{&quot;architecturer_ext_is_mobile_menu&quot;:&quot;false&quot;,&quot;architecturer_ext_is_scrollme&quot;:&quot;false&quot;,&quot;architecturer_ext_is_smoove&quot;:&quot;false&quot;,&quot;architecturer_ext_is_parallax_mouse&quot;:&quot;false&quot;,&quot;architecturer_ext_is_infinite&quot;:&quot;false&quot;,&quot;architecturer_ext_is_fadeout_animation&quot;:&quot;false&quot;}\" data-widget_type=\"spacer.default\">\n\t\t\t\t<div class=\"elementor-widget-container\">\n\t\t\t\t\t<div class=\"elementor-spacer\">\n\t\t\t<div class=\"elementor-spacer-inner\"><\/div>\n\t\t<\/div>\n\t\t\t\t<\/div>\n\t\t\t\t<\/div>\n\t\t\t\t\t<\/div>\n\t\t<\/div>\n\t\t\t\t\t\t\t<\/div>\n\t\t<\/section>\n\t\t\t\t<section class=\"elementor-section elementor-top-section elementor-element elementor-element-87ec382 elementor-section-boxed elementor-section-height-default elementor-section-height-default\" data-id=\"87ec382\" data-element_type=\"section\" data-settings=\"{&quot;architecturer_ext_is_background_parallax&quot;:&quot;false&quot;,&quot;architecturer_ext_is_background_on_scroll&quot;:&quot;false&quot;}\">\n\t\t\t\t\t\t<div class=\"elementor-container elementor-column-gap-wide\">\n\t\t\t\t\t<div class=\"elementor-column elementor-col-50 elementor-top-column elementor-element elementor-element-889cdae\" data-id=\"889cdae\" data-element_type=\"column\" data-settings=\"{&quot;architecturer_ext_is_mobile_menu&quot;:&quot;false&quot;,&quot;architecturer_ext_is_scrollme&quot;:&quot;false&quot;,&quot;architecturer_ext_is_smoove&quot;:&quot;false&quot;,&quot;architecturer_ext_is_parallax_mouse&quot;:&quot;false&quot;,&quot;architecturer_ext_is_infinite&quot;:&quot;false&quot;,&quot;architecturer_ext_is_fadeout_animation&quot;:&quot;false&quot;}\">\n\t\t\t<div class=\"elementor-widget-wrap elementor-element-populated\">\n\t\t\t\t\t\t\t\t<div class=\"elementor-element elementor-element-bc55016 elementor-widget elementor-widget-heading\" data-id=\"bc55016\" data-element_type=\"widget\" data-settings=\"{&quot;architecturer_ext_is_mobile_menu&quot;:&quot;false&quot;,&quot;architecturer_ext_is_scrollme&quot;:&quot;false&quot;,&quot;architecturer_ext_is_smoove&quot;:&quot;false&quot;,&quot;architecturer_ext_is_parallax_mouse&quot;:&quot;false&quot;,&quot;architecturer_ext_is_infinite&quot;:&quot;false&quot;,&quot;architecturer_ext_is_fadeout_animation&quot;:&quot;false&quot;}\" data-widget_type=\"heading.default\">\n\t\t\t\t<div class=\"elementor-widget-container\">\n\t\t\t<style>\/*! elementor - v3.5.3 - 28-12-2021 *\/\n.elementor-heading-title{padding:0;margin:0;line-height:1}.elementor-widget-heading .elementor-heading-title[class*=elementor-size-]>a{color:inherit;font-size:inherit;line-height:inherit}.elementor-widget-heading .elementor-heading-title.elementor-size-small{font-size:15px}.elementor-widget-heading .elementor-heading-title.elementor-size-medium{font-size:19px}.elementor-widget-heading .elementor-heading-title.elementor-size-large{font-size:29px}.elementor-widget-heading .elementor-heading-title.elementor-size-xl{font-size:39px}.elementor-widget-heading .elementor-heading-title.elementor-size-xxl{font-size:59px}<\/style><h2 class=\"elementor-heading-title elementor-size-default\"><br><br><br><br>Centros de Pr\u00e1cticas<br>Escuela de Dise\u00f1o<\/h2>\t\t<\/div>\n\t\t\t\t<\/div>\n\t\t\t\t<div class=\"elementor-element elementor-element-053fc46 elementor-widget elementor-widget-heading\" data-id=\"053fc46\" data-element_type=\"widget\" data-settings=\"{&quot;architecturer_ext_is_mobile_menu&quot;:&quot;false&quot;,&quot;architecturer_ext_is_scrollme&quot;:&quot;false&quot;,&quot;architecturer_ext_is_smoove&quot;:&quot;false&quot;,&quot;architecturer_ext_is_parallax_mouse&quot;:&quot;false&quot;,&quot;architecturer_ext_is_infinite&quot;:&quot;false&quot;,&quot;architecturer_ext_is_fadeout_animation&quot;:&quot;false&quot;}\" data-widget_type=\"heading.default\">\n\t\t\t\t<div class=\"elementor-widget-container\">\n\t\t\t<h6 class=\"elementor-heading-title elementor-size-default\"><table cellpadding=\"0\" cellspacing=\"0\" style=\"border-collapse: collapse; height: auto; overflow-x: auto;\" width=\"auto\">\n\n<tbody>\n <tr height=\"21\" style=\"height:15.6pt\">\n  <td height=\"21\" style=\"height:15.6pt;border-top:none\">Vi\u00f1a San Pedro<\/td>\n  <td><\/td>\n  <td><\/td>\n <\/tr>\n <tr height=\"21\" style=\"height:15.6pt\">\n  <td height=\"21\" style=\"height:15.6pt;border-top:none\">Vi\u00f1a Miguel Torres<\/td>\n  <td><\/td>\n  <td><\/td>\n <\/tr>\n <tr height=\"21\" style=\"height:15.6pt\">\n  <td height=\"21\" style=\"height:15.6pt;border-top:none\">Vi\u00f1a Requingua<\/td>\n  <td><\/td>\n  <td><\/td>\n <\/tr>\n <tr height=\"21\" style=\"height:15.6pt\">\n  <td height=\"21\" style=\"height:15.6pt;border-top:none\">Inmobiliaria Independencia<\/td>\n  <td><\/td>\n  <td><\/td>\n <\/tr>\n <tr height=\"21\" style=\"height:15.6pt\">\n  <td height=\"21\" style=\"height:15.6pt;border-top:none\">Nestl\u00e9<\/td>\n  <td><\/td>\n  <td><\/td>\n <\/tr>\n <tr height=\"21\" style=\"height:15.6pt\">\n  <td height=\"21\" style=\"height:15.6pt;border-top:none\">CMPC<\/td>\n  <td><\/td>\n  <td><\/td>\n <\/tr>\n <tr height=\"21\" style=\"height:15.6pt\">\n  <td height=\"21\" style=\"height:15.6pt;border-top:none\">Fernando Meyer Muebles<\/td>\n  <td><\/td>\n  <td><\/td>\n <\/tr>\n <tr height=\"21\" style=\"height:15.6pt\">\n  <td height=\"21\" style=\"height:15.6pt;border-top:none\">Entorno Estudio<\/td>\n  <td><\/td>\n  <td><\/td>\n <\/tr>\n <tr height=\"21\" style=\"height:15.6pt\">\n  <td height=\"21\" style=\"height:15.6pt;border-top:none\">Rep\u00fablica Port\u00e1til Arquitectura y Dise\u00f1o<\/td>\n  <td><\/td>\n  <td><\/td>\n <\/tr>\n <tr height=\"21\" style=\"height:15.6pt\">\n  <td height=\"21\" style=\"height:15.6pt;border-top:none\">Perfomallas<\/td>\n  <td><\/td>\n  <td><\/td>\n <\/tr>\n <tr height=\"21\" style=\"height:15.6pt\">\n  <td height=\"21\" style=\"height:15.6pt;border-top:none\">AO Dise\u00f1o<\/td>\n  <td><\/td>\n  <td><\/td>\n <\/tr>\n <tr height=\"21\" style=\"height:15.6pt\">\n  <td height=\"21\" style=\"height:15.6pt;border-top:none\">Medular Dise\u00f1o de muebles<\/td>\n  <td><\/td>\n  <td><\/td>\n <\/tr>\n <tr height=\"21\" style=\"height:15.6pt\">\n  <td height=\"21\" style=\"height:15.6pt\">Ministerio de las Culturas, las Artes y el Patrimonio, Regi\u00f3n del Maule<\/td>\n  <td><\/td>\n  <td><\/td>\n <\/tr>\n <tr height=\"21\" style=\"height:15.6pt\">\n  <td height=\"21\" style=\"height:15.6pt\">Municipalidad de San Javier - D. de Fomento Productivo\n<\/td>\n  <td><\/td>\n  <td><\/td>\n <\/tr>\n<tr height=\"21\" style=\"height:15.6pt\">\n  <td height=\"21\" style=\"height:15.6pt\">Municipalidad de Talca - Corporaci\u00f3n de Desarrollo Productivo\n<\/td>\n  <td><\/td>\n  <td><\/td>\n <\/tr>\n <tr height=\"21\" style=\"height:15.6pt\">\n  <td height=\"21\" style=\"height:15.6pt;border-top:none\">Municipalidad de Vichuqu\u00e9n -  Oficina de Turismo, Cultura y Artesan\u00eda\n<\/td>\n  <td><\/td>\n  <td><\/td>\n <\/tr>\n <tr height=\"21\" style=\"height:15.6pt\">\n  <td height=\"21\" style=\"height:15.6pt;border-top:none\">Municipalidad de Curic\u00f3 - Corporaci\u00f3n Cultural\n<\/td>\n  <td><\/td>\n  <td><\/td>\n <\/tr>\n <tr height=\"21\" style=\"height:15.6pt\">\n  <td height=\"21\" style=\"height:15.6pt;border-top:none\">Municipalidad de San Clemente - Dpto de Comunicaci\u00f3n y Extensi\u00f3n\n<\/td>\n  <td><\/td>\n  <td><\/td>\n <\/tr>\n <tr height=\"21\" style=\"height:15.6pt\">\n  <td height=\"21\" style=\"height:15.6pt;border-top:none\">Municipalidad de Chanco - Direcci\u00f3n de Desarrollo Comunitario. DIDECO<\/td>\n  <td><\/td>\n  <td><\/td>\n <\/tr>\n <tr height=\"21\" style=\"height:15.6pt\">\n  <td height=\"21\" style=\"height:15.6pt;border-top:none\">Municipalidad de Constituci\u00f3n<\/td>\n  <td><\/td>\n  <td><\/td>\n <\/tr>\n <tr height=\"21\" style=\"height:15.6pt\">\n  <td height=\"21\" style=\"height:15.6pt;border-top:none\">Municipalidad de R\u00edo Claro - Prodesal\n<\/td>\n  <td><\/td>\n  <td><\/td>\n <\/tr>\n <tr height=\"21\" style=\"height:15.6pt\">\n  <td height=\"21\" style=\"height:15.6pt\">Municipalidad de Colb\u00fan - Dpto. Cultura y Turismo\n<\/td>\n  <td><\/td>\n  <td><\/td>\n <\/tr>\n <tr height=\"21\" style=\"height:15.6pt\">\n  <td height=\"21\" style=\"height:15.6pt\">Fundaci\u00f3n para la superaci\u00f3n de la pobreza - Servicio Pa\u00eds<\/td>\n  <td><\/td>\n  <td><\/td>\n <\/tr>\n <tr height=\"21\" style=\"height:15.6pt\">\n  <td height=\"21\" style=\"height:15.6pt;border-top:none\">Mar\u00eda P\u00eda Cornejo Dise\u00f1o de vestuario<\/td>\n  <td><\/td>\n  <td><\/td>\n <\/tr>\n <tr height=\"21\" style=\"height:15.6pt\">\n  <td height=\"21\" style=\"height:15.6pt;border-top:none\">Mat\u00edas Hern\u00e1n Dise\u00f1o de vestuario<\/td>\n  <td><\/td>\n  <td><\/td>\n <\/tr>\n <tr height=\"21\" style=\"height:15.6pt\">\n  <td height=\"21\" style=\"height:15.6pt;border-top:none\">DUSO Dise\u00f1o de vestuario<\/td>\n  <td><\/td>\n  <td><\/td>\n <\/tr>\n <tr height=\"21\" style=\"height:15.6pt\">\n  <td height=\"21\" style=\"height:15.6pt;border-top:none\">Tela Morena y Maracuy\u00e1 Dise\u00f1o de vestuario<\/td>\n  <td><\/td>\n  <td><\/td>\n <\/tr>\n <tr height=\"21\" style=\"height:15.6pt\">\n  <td height=\"21\" style=\"height:15.6pt;border-top:none\">Kokoro Dise\u00f1os de vestuario<\/td>\n  <td><\/td>\n  <td><\/td>\n <\/tr>\n <tr height=\"21\" style=\"height:15.6pt\">\n  <td height=\"21\" style=\"height:15.6pt;border-top:none\">Guante Dise\u00f1o y confecci\u00f3n de calzado<\/td><td><\/td>\n  <td><\/td>\n <\/tr>\n <tr height=\"21\" style=\"height:15.6pt\">\n  <td height=\"21\" style=\"height:15.6pt;border-top:none\">Albano Dise\u00f1o y confecci\u00f3n de calzado<\/td>\n  <td><\/td>\n  <td><\/td>\n <\/tr>\n <tr height=\"21\" style=\"height:15.6pt\">\n  <td height=\"21\" style=\"height:15.6pt;border-top:none\">Provincianos\n  Editores<\/td>\n  <td><\/td>\n  <td><\/td>\n <\/tr>\n <tr height=\"21\" style=\"height:15.6pt\">\n  <td height=\"21\" style=\"height:15.6pt;border-top:none\">DUDO Editores<\/td>\n  <td><\/td>\n  <td><\/td>\n <\/tr>\n <tr height=\"21\" style=\"height:15.6pt\">\n  <td height=\"21\" style=\"height:15.6pt;border-top:none\">Universidad Cat\u00f3lica del Maule - Centro de Innovaci\u00f3n social<\/td>\n  <td><\/td>\n  <td><\/td>\n <\/tr>\n <tr height=\"21\" style=\"height:15.6pt\">\n  <td height=\"21\" style=\"height:15.6pt;border-top:none\">Iplacex<\/td>\n  <td><\/td>\n  <td><\/td>\n <\/tr>\n <tr height=\"21\" style=\"height:15.6pt\">\n  <td height=\"21\" style=\"height:15.6pt;border-top:none\">Instituto Bicultural Japon\u00e9s<\/td>\n  <td><\/td>\n  <td><\/td>\n <\/tr>\n <tr height=\"21\" style=\"height:15.6pt\">\n  <td height=\"21\" style=\"height:15.6pt;border-top:none\">Corporaci\u00f3n O\u2019Higgins CREA<\/td>\n  <td><\/td>\n  <td><\/td>\n <\/tr>\n <tr height=\"21\" style=\"height:15.6pt\">\n  <td height=\"21\" style=\"height:15.6pt;border-top:none\">Servicio de Salud del Maule<\/td>\n  <td><\/td>\n  <td><\/td>\n <\/tr>\n <tr height=\"21\" style=\"height:15.6pt\">\n  <td height=\"21\" style=\"height:15.6pt;border-top:none\">SERNATUR Regi\u00f3n del Maule<\/td>\n  <td><\/td>\n  <td><\/td>\n <\/tr>\n <tr height=\"21\" style=\"height:15.6pt\">\n  <td height=\"21\" style=\"height:15.6pt;border-top:none\">CONAF<\/td>\n  <td><\/td>\n  <td><\/td>\n <\/tr>\n <tr height=\"21\" style=\"height:15.6pt\">\n  <td height=\"21\" style=\"height:15.6pt;border-top:none\">Santiago 2023 Juegos&nbsp; Panamericanos<\/td>\n  <td><\/td>\n  <td><\/td>\n <\/tr>\n <tr height=\"21\" style=\"height:15.6pt\">\n  <td height=\"21\" style=\"height:15.6pt;border-top:none\">Forestal R\u00edo Claro<\/td>\n  <td><\/td>\n  <td><\/td>\n <\/tr>\n <tr height=\"21\" style=\"height:15.6pt\">\n  <td height=\"21\" style=\"height:15.6pt;border-top:none\">SOMOS Social Lab<\/td>\n  <td><\/td>\n  <td><\/td>\n <\/tr>\n <tr height=\"21\" style=\"height:15.6pt\">\n  <td height=\"21\" style=\"height:15.6pt;border-top:none\">Everde Paisajismo<\/td>\n  <td><\/td>\n  <td><\/td>\n <\/tr>\n <tr height=\"21\" style=\"height:15.6pt\">\n  <td height=\"21\" style=\"height:15.6pt;border-top:none\">JOTA A Desarrollo y Dise\u00f1o Spa<\/td>\n  <td><\/td>\n  <td><\/td>\n <\/tr>\n <tr height=\"21\" style=\"height:15.6pt\">\n  <td height=\"21\" style=\"height:15.6pt;border-top:none\">Santal Imprenta<\/td>\n  <td><\/td>\n  <td><\/td>\n <\/tr>\n <tr height=\"21\" style=\"height:15.6pt\">\n  <td height=\"21\" style=\"height:15.6pt;border-top:none\">S\u00fcbete ya! Agencia de publicidad<\/td>\n  <td><\/td>\n  <td><\/td>\n <\/tr>\n <tr height=\"21\" style=\"height:15.6pt\">\n  <td height=\"21\" style=\"height:15.6pt;border-top:none\">Abstract Digital SPA Videojuegos<br><\/td><td><\/td>\n  <td><\/td>\n<\/tr><tr height=\"21\" style=\"height:15.6pt\">\n  <td height=\"21\" style=\"height:15.6pt;border-top:none\">Ni\u00f1as PRO<\/td>\n  <td><\/td>\n  <td><\/td>\n <\/tr>\n\n <tr height=\"21\" style=\"height:15.6pt\">\n  <td height=\"21\" style=\"height:15.6pt;border-top:none\">Thinkagro<\/td>\n  <td><\/td>\n  <td><\/td>\n <\/tr>\n<tr height=\"21\" style=\"height:15.6pt\">\n  <td height=\"21\" style=\"height:15.6pt;border-top:none\">FEN - Postgrados\n<\/td>\n  <td><\/td>\n  <td><\/td>\n <\/tr>\n<tr height=\"21\" style=\"height:15.6pt\">\n  <td height=\"21\" style=\"height:15.6pt;border-top:none\">Graff\n<\/td>\n  <td><\/td>\n  <td><\/td>\n <\/tr>\n<tr height=\"21\" style=\"height:15.6pt\">\n  <td height=\"21\" style=\"height:15.6pt;border-top:none\">Ide'cult\n<\/td>\n  <td><\/td>\n  <td><\/td>\n <\/tr>\n<tr height=\"21\" style=\"height:15.6pt\">\n  <td height=\"21\" style=\"height:15.6pt;border-top:none\">Mauble\n<\/td>\n  <td><\/td>\n  <td><\/td>\n <\/tr>\n<tr height=\"21\" style=\"height:15.6pt\">\n  <td height=\"21\" style=\"height:15.6pt;border-top:none\">MobLinares\n<\/td>\n  <td><\/td>\n  <td><\/td>\n <\/tr>\n<tr height=\"21\" style=\"height:15.6pt\">\n  <td height=\"21\" style=\"height:15.6pt;border-top:none\">Paty Guerra Cer\u00e1mica\n<\/td>\n  <td><\/td>\n  <td><\/td>\n <\/tr>\n<tr height=\"21\" style=\"height:15.6pt\">\n  <td height=\"21\" style=\"height:15.6pt;border-top:none\">Centro Tecnol\u00f3gico de Telerreahbilitaci\u00f3n y Neurociencias en el Mov. Humano\n<\/td>\n  <td><\/td>\n  <td><\/td>\n <\/tr>\n<tr height=\"21\" style=\"height:15.6pt\">\n  <td height=\"21\" style=\"height:15.6pt;border-top:none\">Alive Music SPA<\/td>\n  <td><\/td>\n  <td><\/td>\n <\/tr>\n<tr height=\"21\" style=\"height:15.6pt\">\n  <td height=\"21\" style=\"height:15.6pt;border-top:none\">Teatro Regional del Maule<\/td>\n  <td><\/td>\n  <td><\/td>\n <\/tr>\n<tr height=\"21\" style=\"height:15.6pt\">\n  <td height=\"21\" style=\"height:15.6pt;border-top:none\">Habla Aqu\u00ed<\/td>\n  <td><\/td>\n  <td><\/td>\n <\/tr>\n<tr height=\"21\" style=\"height:15.6pt\">\n  <td height=\"21\" style=\"height:15.6pt;border-top:none\">Consultora Best Data Limitada<\/td>\n  <td><\/td>\n  <td><\/td>\n <\/tr>\n<tr height=\"21\" style=\"height:15.6pt\">\n  <td height=\"21\" style=\"height:15.6pt;border-top:none\">Agencia Evoluci\u00f3n<\/td>\n  <td><\/td>\n  <td><\/td>\n <\/tr>\n<tr height=\"21\" style=\"height:15.6pt\">\n  <td height=\"21\" style=\"height:15.6pt;border-top:none\">Centro Cultural las Tinajas<\/td>\n  <td><\/td>\n  <td><\/td>\n <\/tr>\n<tr height=\"21\" style=\"height:15.6pt\">\n  <td height=\"21\" style=\"height:15.6pt;border-top:none\">Expande Ideas<\/td>\n  <td><\/td>\n  <td><\/td>\n <\/tr>\n<tr height=\"21\" style=\"height:15.6pt\">\n  <td height=\"21\" style=\"height:15.6pt;border-top:none\">Muebles Henr\u00edquez<\/td>\n  <td><\/td>\n  <td><\/td>\n <\/tr>\n<tr height=\"21\" style=\"height:15.6pt\">\n  <td height=\"21\" style=\"height:15.6pt;border-top:none\">Gristilo<\/td>\n  <td><\/td>\n  <td><\/td>\n <\/tr>\n<tr height=\"21\" style=\"height:15.6pt\">\n  <td height=\"21\" style=\"height:15.6pt;border-top:none\">Alumbrados<\/td>\n  <td><\/td>\n  <td><\/td>\n <\/tr>\n<tr height=\"21\" style=\"height:15.6pt\">\n  <td height=\"21\" style=\"height:15.6pt\">Estudio MASM<\/td>\n  <td><\/td>\n  <td><\/td>\n <\/tr>\n <\/tbody><\/table><\/h6>\t\t<\/div>\n\t\t\t\t<\/div>\n\t\t\t\t\t<\/div>\n\t\t<\/div>\n\t\t\t\t<div class=\"elementor-column elementor-col-50 elementor-top-column elementor-element elementor-element-dfde2cc\" data-id=\"dfde2cc\" data-element_type=\"column\" data-settings=\"{&quot;architecturer_ext_is_mobile_menu&quot;:&quot;false&quot;,&quot;architecturer_ext_is_scrollme&quot;:&quot;false&quot;,&quot;architecturer_ext_is_smoove&quot;:&quot;false&quot;,&quot;architecturer_ext_is_parallax_mouse&quot;:&quot;false&quot;,&quot;architecturer_ext_is_infinite&quot;:&quot;false&quot;,&quot;architecturer_ext_is_fadeout_animation&quot;:&quot;false&quot;}\">\n\t\t\t<div class=\"elementor-widget-wrap elementor-element-populated\">\n\t\t\t\t\t\t\t\t\t<\/div>\n\t\t<\/div>\n\t\t\t\t\t\t\t<\/div>\n\t\t<\/section>\n\t\t\t\t\t\t<\/div>\n\t\t\t\t\t<\/div>\n\t\t","protected":false},"excerpt":{"rendered":"<p>Pr\u00e1cticas Centros de Pr\u00e1cticasEscuela de Dise\u00f1o Vi\u00f1a San Pedro Vi\u00f1a Miguel Torres Vi\u00f1a Requingua Inmobiliaria Independencia Nestl\u00e9 CMPC Fernando Meyer Muebles Entorno Estudio Rep\u00fablica Port\u00e1til Arquitectura y Dise\u00f1o Perfomallas AO Dise\u00f1o Medular Dise\u00f1o de muebles Ministerio de las Culturas, las [&hellip;]<\/p>\n","protected":false},"author":4,"featured_media":0,"parent":1078,"menu_order":0,"comment_status":"closed","ping_status":"closed","template":"","meta":{"_monsterinsights_skip_tracking":false,"_monsterinsights_sitenote_active":false,"_monsterinsights_sitenote_note":"","_monsterinsights_sitenote_category":0,"footnotes":""},"class_list":["post-3352","page","type-page","status-publish","hentry"],"_links":{"self":[{"href":"https:\/\/diseno.utalca.cl\/index.php?rest_route=\/wp\/v2\/pages\/3352","targetHints":{"allow":["GET"]}}],"collection":[{"href":"https:\/\/diseno.utalca.cl\/index.php?rest_route=\/wp\/v2\/pages"}],"about":[{"href":"https:\/\/diseno.utalca.cl\/index.php?rest_route=\/wp\/v2\/types\/page"}],"author":[{"embeddable":true,"href":"https:\/\/diseno.utalca.cl\/index.php?rest_route=\/wp\/v2\/users\/4"}],"replies":[{"embeddable":true,"href":"https:\/\/diseno.utalca.cl\/index.php?rest_route=%2Fwp%2Fv2%2Fcomments&post=3352"}],"version-history":[{"count":77,"href":"https:\/\/diseno.utalca.cl\/index.php?rest_route=\/wp\/v2\/pages\/3352\/revisions"}],"predecessor-version":[{"id":5595,"href":"https:\/\/diseno.utalca.cl\/index.php?rest_route=\/wp\/v2\/pages\/3352\/revisions\/5595"}],"up":[{"embeddable":true,"href":"https:\/\/diseno.utalca.cl\/index.php?rest_route=\/wp\/v2\/pages\/1078"}],"wp:attachment":[{"href":"https:\/\/diseno.utalca.cl\/index.php?rest_route=%2Fwp%2Fv2%2Fmedia&parent=3352"}],"curies":[{"name":"wp","href":"https:\/\/api.w.org\/{rel}","templated":true}]}}