{"id":3460,"date":"2023-06-16T11:06:07","date_gmt":"2023-06-16T14:06:07","guid":{"rendered":"http:\/\/www.desarrollowpdiseno.utalca.cl\/?page_id=3460"},"modified":"2024-03-25T16:50:58","modified_gmt":"2024-03-25T19:50:58","slug":"infraestructura-y-equipamiento","status":"publish","type":"page","link":"https:\/\/diseno.utalca.cl\/?page_id=3460","title":{"rendered":"Infraestructura y Equipamiento"},"content":{"rendered":"\t\t<div data-elementor-type=\"wp-page\" data-elementor-id=\"3460\" class=\"elementor elementor-3460\" data-elementor-settings=\"[]\">\n\t\t\t\t\t\t\t<div class=\"elementor-section-wrap\">\n\t\t\t\t\t\t\t<section class=\"elementor-section elementor-top-section elementor-element elementor-element-ededfb3 elementor-section-height-min-height elementor-section-stretched elementor-section-boxed elementor-section-height-default elementor-section-items-middle\" data-id=\"ededfb3\" data-element_type=\"section\" data-settings=\"{&quot;stretch_section&quot;:&quot;section-stretched&quot;,&quot;background_background&quot;:&quot;slideshow&quot;,&quot;background_slideshow_gallery&quot;:[{&quot;id&quot;:3538,&quot;url&quot;:&quot;https:\\\/\\\/diseno.utalca.cl\\\/wp-content\\\/uploads\\\/2023\\\/06\\\/equipamiento.png&quot;},{&quot;id&quot;:3270,&quot;url&quot;:&quot;https:\\\/\\\/diseno.utalca.cl\\\/wp-content\\\/uploads\\\/2023\\\/06\\\/IMG_4523-scaled.jpg&quot;}],&quot;background_slideshow_slide_duration&quot;:3000,&quot;background_slideshow_loop&quot;:&quot;yes&quot;,&quot;background_slideshow_slide_transition&quot;:&quot;fade&quot;,&quot;background_slideshow_transition_duration&quot;:500,&quot;architecturer_ext_is_background_parallax&quot;:&quot;false&quot;,&quot;architecturer_ext_is_background_on_scroll&quot;:&quot;false&quot;}\">\n\t\t\t\t\t\t\t<div class=\"elementor-background-overlay\"><\/div>\n\t\t\t\t\t\t\t<div class=\"elementor-container elementor-column-gap-default\">\n\t\t\t\t\t<div class=\"elementor-column elementor-col-100 elementor-top-column elementor-element elementor-element-da02b03\" data-id=\"da02b03\" data-element_type=\"column\" data-settings=\"{&quot;architecturer_ext_is_mobile_menu&quot;:&quot;false&quot;,&quot;architecturer_ext_is_scrollme&quot;:&quot;false&quot;,&quot;architecturer_ext_is_smoove&quot;:&quot;false&quot;,&quot;architecturer_ext_is_parallax_mouse&quot;:&quot;false&quot;,&quot;architecturer_ext_is_infinite&quot;:&quot;false&quot;,&quot;architecturer_ext_is_fadeout_animation&quot;:&quot;false&quot;}\">\n\t\t\t<div class=\"elementor-widget-wrap elementor-element-populated\">\n\t\t\t\t\t\t\t\t<div class=\"elementor-element elementor-element-b8da971 elementor-widget elementor-widget-architecturer-animated-text\" data-id=\"b8da971\" data-element_type=\"widget\" data-settings=\"{&quot;architecturer_ext_is_mobile_menu&quot;:&quot;false&quot;,&quot;architecturer_ext_is_scrollme&quot;:&quot;false&quot;,&quot;architecturer_ext_is_smoove&quot;:&quot;false&quot;,&quot;architecturer_ext_is_parallax_mouse&quot;:&quot;false&quot;,&quot;architecturer_ext_is_infinite&quot;:&quot;false&quot;,&quot;architecturer_ext_is_fadeout_animation&quot;:&quot;false&quot;}\" data-widget_type=\"architecturer-animated-text.default\">\n\t\t\t\t<div class=\"elementor-widget-container\">\n\t\t\t<div class=\"themegoods-animated-text text-alignment-left transition-bottom overflow-hidden\" data-delimiter=\"sentence\" data-transition=\"100\" data-transition-delay=\"0\" data-transition-duration=\"800\">\n\t\t<h2>\n\t\t\t<\/h2>\n\t<\/div>\t\t<\/div>\n\t\t\t\t<\/div>\n\t\t\t\t<div class=\"elementor-element elementor-element-a9782b9 elementor-widget elementor-widget-architecturer-animated-headline\" data-id=\"a9782b9\" data-element_type=\"widget\" data-settings=\"{&quot;architecturer_ext_is_mobile_menu&quot;:&quot;false&quot;,&quot;architecturer_ext_is_scrollme&quot;:&quot;false&quot;,&quot;architecturer_ext_is_smoove&quot;:&quot;false&quot;,&quot;architecturer_ext_is_parallax_mouse&quot;:&quot;false&quot;,&quot;architecturer_ext_is_infinite&quot;:&quot;false&quot;,&quot;architecturer_ext_is_fadeout_animation&quot;:&quot;false&quot;}\" data-widget_type=\"architecturer-animated-headline.default\">\n\t\t\t\t<div class=\"elementor-widget-container\">\n\t\t\t<div class=\"themegoods-animated-headline text-alignment-left\" data-animation=\"push\">\n\t<h1 class=\"animated-headline ah-headline\">\n\t\t\t\t<span class=\"ah-words-wrapper\">\n\t\t\t\t<b class=\"is-visible\">Infraestructura<\/b>\n\t\t\t\t<b >Equipamiento<\/b>\n\t\t\t<\/span>\n\t\t\n\t\t<\/h1>\n<\/div>\t\t<\/div>\n\t\t\t\t<\/div>\n\t\t\t\t\t<\/div>\n\t\t<\/div>\n\t\t\t\t\t\t\t<\/div>\n\t\t<\/section>\n\t\t\t\t<section class=\"elementor-section elementor-top-section elementor-element elementor-element-6f54bc7 elementor-section-boxed elementor-section-height-default elementor-section-height-default\" data-id=\"6f54bc7\" data-element_type=\"section\" data-settings=\"{&quot;architecturer_ext_is_background_parallax&quot;:&quot;false&quot;,&quot;architecturer_ext_is_background_on_scroll&quot;:&quot;false&quot;}\">\n\t\t\t\t\t\t<div class=\"elementor-container elementor-column-gap-default\">\n\t\t\t\t\t<div class=\"elementor-column elementor-col-100 elementor-top-column elementor-element elementor-element-ab85123\" data-id=\"ab85123\" data-element_type=\"column\" data-settings=\"{&quot;architecturer_ext_is_mobile_menu&quot;:&quot;false&quot;,&quot;architecturer_ext_is_scrollme&quot;:&quot;false&quot;,&quot;architecturer_ext_is_smoove&quot;:&quot;false&quot;,&quot;architecturer_ext_is_parallax_mouse&quot;:&quot;false&quot;,&quot;architecturer_ext_is_infinite&quot;:&quot;false&quot;,&quot;architecturer_ext_is_fadeout_animation&quot;:&quot;false&quot;}\">\n\t\t\t<div class=\"elementor-widget-wrap elementor-element-populated\">\n\t\t\t\t\t\t\t\t<div class=\"elementor-element elementor-element-a11733b elementor-widget elementor-widget-spacer\" data-id=\"a11733b\" data-element_type=\"widget\" data-settings=\"{&quot;architecturer_ext_is_mobile_menu&quot;:&quot;false&quot;,&quot;architecturer_ext_is_scrollme&quot;:&quot;false&quot;,&quot;architecturer_ext_is_smoove&quot;:&quot;false&quot;,&quot;architecturer_ext_is_parallax_mouse&quot;:&quot;false&quot;,&quot;architecturer_ext_is_infinite&quot;:&quot;false&quot;,&quot;architecturer_ext_is_fadeout_animation&quot;:&quot;false&quot;}\" data-widget_type=\"spacer.default\">\n\t\t\t\t<div class=\"elementor-widget-container\">\n\t\t\t\t\t<div class=\"elementor-spacer\">\n\t\t\t<div class=\"elementor-spacer-inner\"><\/div>\n\t\t<\/div>\n\t\t\t\t<\/div>\n\t\t\t\t<\/div>\n\t\t\t\t\t<\/div>\n\t\t<\/div>\n\t\t\t\t\t\t\t<\/div>\n\t\t<\/section>\n\t\t\t\t<section class=\"elementor-section elementor-top-section elementor-element elementor-element-87ec382 elementor-section-stretched elementor-section-boxed elementor-section-height-default elementor-section-height-default\" data-id=\"87ec382\" data-element_type=\"section\" data-settings=\"{&quot;stretch_section&quot;:&quot;section-stretched&quot;,&quot;background_background&quot;:&quot;classic&quot;,&quot;architecturer_ext_is_background_parallax&quot;:&quot;false&quot;,&quot;architecturer_ext_is_background_on_scroll&quot;:&quot;false&quot;}\">\n\t\t\t\t\t\t<div class=\"elementor-container elementor-column-gap-wide\">\n\t\t\t\t\t<div class=\"elementor-column elementor-col-50 elementor-top-column elementor-element elementor-element-889cdae\" data-id=\"889cdae\" data-element_type=\"column\" data-settings=\"{&quot;architecturer_ext_is_mobile_menu&quot;:&quot;false&quot;,&quot;architecturer_ext_is_scrollme&quot;:&quot;false&quot;,&quot;architecturer_ext_is_smoove&quot;:&quot;false&quot;,&quot;architecturer_ext_is_parallax_mouse&quot;:&quot;false&quot;,&quot;architecturer_ext_is_infinite&quot;:&quot;false&quot;,&quot;architecturer_ext_is_fadeout_animation&quot;:&quot;false&quot;}\">\n\t\t\t<div class=\"elementor-widget-wrap elementor-element-populated\">\n\t\t\t\t\t\t\t\t<div class=\"elementor-element elementor-element-bc55016 elementor-widget elementor-widget-heading\" data-id=\"bc55016\" data-element_type=\"widget\" data-settings=\"{&quot;architecturer_ext_is_mobile_menu&quot;:&quot;false&quot;,&quot;architecturer_ext_is_scrollme&quot;:&quot;false&quot;,&quot;architecturer_ext_is_smoove&quot;:&quot;false&quot;,&quot;architecturer_ext_is_parallax_mouse&quot;:&quot;false&quot;,&quot;architecturer_ext_is_infinite&quot;:&quot;false&quot;,&quot;architecturer_ext_is_fadeout_animation&quot;:&quot;false&quot;}\" data-widget_type=\"heading.default\">\n\t\t\t\t<div class=\"elementor-widget-container\">\n\t\t\t<style>\/*! elementor - v3.5.3 - 28-12-2021 *\/\n.elementor-heading-title{padding:0;margin:0;line-height:1}.elementor-widget-heading .elementor-heading-title[class*=elementor-size-]>a{color:inherit;font-size:inherit;line-height:inherit}.elementor-widget-heading .elementor-heading-title.elementor-size-small{font-size:15px}.elementor-widget-heading .elementor-heading-title.elementor-size-medium{font-size:19px}.elementor-widget-heading .elementor-heading-title.elementor-size-large{font-size:29px}.elementor-widget-heading .elementor-heading-title.elementor-size-xl{font-size:39px}.elementor-widget-heading .elementor-heading-title.elementor-size-xxl{font-size:59px}<\/style><h2 class=\"elementor-heading-title elementor-size-default\"><br><br><br><br>Detalle infraestructura<br>Escuela de Dise\u00f1o<\/h2>\t\t<\/div>\n\t\t\t\t<\/div>\n\t\t\t\t<div class=\"elementor-element elementor-element-ba909e0 elementor-widget elementor-widget-text-editor\" data-id=\"ba909e0\" data-element_type=\"widget\" data-settings=\"{&quot;architecturer_ext_is_mobile_menu&quot;:&quot;false&quot;,&quot;architecturer_ext_is_scrollme&quot;:&quot;false&quot;,&quot;architecturer_ext_is_smoove&quot;:&quot;false&quot;,&quot;architecturer_ext_is_parallax_mouse&quot;:&quot;false&quot;,&quot;architecturer_ext_is_infinite&quot;:&quot;false&quot;,&quot;architecturer_ext_is_fadeout_animation&quot;:&quot;false&quot;}\" data-widget_type=\"text-editor.default\">\n\t\t\t\t<div class=\"elementor-widget-container\">\n\t\t\t<style>\/*! elementor - v3.5.3 - 28-12-2021 *\/\n.elementor-widget-text-editor.elementor-drop-cap-view-stacked .elementor-drop-cap{background-color:#818a91;color:#fff}.elementor-widget-text-editor.elementor-drop-cap-view-framed .elementor-drop-cap{color:#818a91;border:3px solid;background-color:transparent}.elementor-widget-text-editor:not(.elementor-drop-cap-view-default) .elementor-drop-cap{margin-top:8px}.elementor-widget-text-editor:not(.elementor-drop-cap-view-default) .elementor-drop-cap-letter{width:1em;height:1em}.elementor-widget-text-editor .elementor-drop-cap{float:left;text-align:center;line-height:1;font-size:50px}.elementor-widget-text-editor .elementor-drop-cap-letter{display:inline-block}<\/style>\t\t\t\t<p><span style=\"color: #020101;\"><b>&nbsp;<\/b><\/span><\/p>\n<p><b><span style=\"color: #ffffff;\">La Escuela de Dise\u00f1o se encuentra emplazada en un edificio de uso exclusivo, de 1104 metros cuadrados habilitados. Cuenta con 4 salas para la realizaci\u00f3n de actividades colectivas, 1 Hall central multiusos, 1 Laboratorio de Prototipos dividido en 3 anexos: Anexo (3) m\u00e1quinas y herramientas, anexo Corte Laser (1), Anexos impresi\u00f3n 3D (2); 1 laboratorio de computaci\u00f3n, 1 sala de fotograf\u00eda, 1 archivo, un pabell\u00f3n de profesores, 1 sala de reuniones, 1 archivo de memorias \/ proyectos y \u00e1reas&nbsp;<\/span><span style=\"color: #ffffff; font-size: 18px;\">de circulaci\u00f3n.<\/span><\/b><\/p>\n<p><span style=\"color: #ffffff;\"><b>&nbsp; &nbsp; INFRAESTRUCTURA EDIFICIO ESCUELA DE DISE\u00d1O<\/b><\/span><\/p>\n<table>\n<tbody>\n<tr>\n<td width=\"378\"><span style=\"color: #ffffff;\"><b>Salas de Clase<\/b><\/span><\/td>\n<td width=\"73\"><span style=\"color: #ffffff;\"><b>4<\/b><\/span><\/td>\n<td width=\"150\"><span style=\"color: #ffffff;\"><b>332 m2<\/b><\/span><\/td>\n<\/tr>\n<tr>\n<td width=\"378\"><span style=\"color: #ffffff;\"><b>Laboratorio de prototipos (3 anexos)<\/b><\/span><\/td>\n<td width=\"73\"><span style=\"color: #ffffff;\"><b>3<\/b><\/span><\/td>\n<td width=\"150\"><span style=\"color: #ffffff;\"><b>83 m2<\/b><\/span><\/td>\n<\/tr>\n<tr>\n<td width=\"378\"><span style=\"color: #ffffff;\"><b>Laboratorio PC<\/b><\/span><\/td>\n<td width=\"73\"><span style=\"color: #ffffff;\"><b>1<\/b><\/span><\/td>\n<td width=\"150\"><span style=\"color: #ffffff;\"><b>69 m2<\/b><\/span><\/td>\n<\/tr>\n<tr>\n<td width=\"378\"><span style=\"color: #ffffff;\"><b>Laboratorio de fotograf\u00eda<\/b><\/span><\/td>\n<td width=\"73\"><span style=\"color: #ffffff;\"><b>1<\/b><\/span><\/td>\n<td width=\"150\"><span style=\"color: #ffffff;\"><b>14 m2<\/b><\/span><\/td>\n<\/tr>\n<tr>\n<td width=\"378\"><span style=\"color: #ffffff;\"><b>\u00c1rea de trabajo libre<\/b><\/span><\/td>\n<td width=\"73\"><span style=\"color: #ffffff;\"><b>2<\/b><\/span><\/td>\n<td width=\"150\"><span style=\"color: #ffffff;\"><b>298 m2<\/b><\/span><\/td>\n<\/tr>\n<tr>\n<td width=\"378\"><span style=\"color: #ffffff;\"><b>Pabell\u00f3n de profesores<\/b><\/span><\/td>\n<td width=\"73\"><span style=\"color: #ffffff;\"><b>1<\/b><\/span><\/td>\n<td width=\"150\"><span style=\"color: #ffffff;\"><b>90 m2<\/b><\/span><\/td>\n<\/tr>\n<tr>\n<td width=\"378\"><span style=\"color: #ffffff;\"><b>Sala de Reuniones<\/b><\/span><\/td>\n<td width=\"73\"><span style=\"color: #ffffff;\"><b>1<\/b><\/span><\/td>\n<td width=\"150\"><span style=\"color: #ffffff;\"><b>22 m2<\/b><\/span><\/td>\n<\/tr>\n<tr>\n<td width=\"378\"><span style=\"color: #ffffff;\"><b>Archivos y bodegas<\/b><\/span><\/td>\n<td width=\"73\"><span style=\"color: #ffffff;\"><b>3<\/b><\/span><\/td>\n<td width=\"150\"><span style=\"color: #ffffff;\"><b>46 m2<\/b><\/span><\/td>\n<\/tr>\n<tr>\n<td width=\"378\"><span style=\"color: #ffffff;\"><b>Oficina Centro de Alumnos<\/b><\/span><\/td>\n<td width=\"73\"><span style=\"color: #ffffff;\"><b>1<\/b><\/span><\/td>\n<td width=\"150\"><span style=\"color: #ffffff;\"><b>8 m2<\/b><\/span><\/td>\n<\/tr>\n<tr>\n<td width=\"378\"><span style=\"color: #ffffff;\"><b>Superficie total con circulaciones, sin terrazas<\/b><\/span><\/td>\n<td width=\"73\"><span style=\"color: #ffffff;\"><b>&nbsp;<\/b><\/span><\/td>\n<td width=\"150\"><span style=\"color: #ffffff;\"><b>1104 m2<\/b><\/span><\/td>\n<\/tr>\n<\/tbody>\n<\/table>\n<div>\n<p style=\"font-style: normal; font-size: 18px; font-family: Cabin, sans-serif;\"><span style=\"color: #ffffff;\"><b>&nbsp; &nbsp; HARDWARE EDIFICIO ESCUELA DE DISE\u00d1O<\/b><\/span><\/p>\n<table style=\"font-style: normal; font-size: 18px; font-family: Cabin, sans-serif;\">\n<tbody style=\"font-size: 18px;\">\n<tr style=\"font-size: 18px;\">\n<td style=\"font-size: 18px;\" width=\"378\">\n<p style=\"font-size: 18px;\"><span style=\"color: #ffffff;\"><b>Impresoras 3D<\/b><\/span><\/p>\n<\/td>\n<td style=\"font-size: 18px;\" width=\"73\">\n<p style=\"font-size: 18px;\"><span style=\"color: #ffffff;\"><b>4<\/b><\/span><\/p>\n<\/td>\n<td style=\"font-size: 18px;\" width=\"150\">\n<p style=\"font-size: 18px;\">\n<\/p><\/td>\n<\/tr>\n<tr style=\"font-size: 18px;\">\n<td style=\"font-size: 18px;\" width=\"378\">\n<p style=\"font-size: 18px;\"><span style=\"color: #ffffff;\"><b>CNC<\/b><\/span><\/p>\n<\/td>\n<td style=\"font-size: 18px;\" width=\"73\">\n<p style=\"font-size: 18px;\"><span style=\"color: #ffffff;\"><b>2<\/b><\/span><\/p>\n<\/td>\n<td style=\"font-size: 18px;\" width=\"150\">\n<p style=\"font-size: 18px;\">\n<\/p><\/td>\n<\/tr>\n<tr style=\"font-size: 18px;\">\n<td style=\"font-size: 18px;\" width=\"378\">\n<p style=\"font-size: 18px;\"><span style=\"color: #ffffff;\"><b>Cortadora l\u00e1ser<\/b><\/span><\/p>\n<\/td>\n<td style=\"font-size: 18px;\" width=\"73\">\n<p style=\"font-size: 18px;\"><span style=\"color: #ffffff;\"><b>1<\/b><\/span><\/p>\n<\/td>\n<td style=\"font-size: 18px;\" width=\"150\">\n<p style=\"font-size: 18px;\">\n<\/p><\/td>\n<\/tr>\n<tr style=\"font-size: 18px;\">\n<td style=\"font-size: 18px;\" width=\"378\">\n<p style=\"font-size: 18px;\"><span style=\"color: #ffffff;\"><b>Cortadora vin\u00edlica<\/b><\/span><\/p>\n<\/td>\n<td style=\"font-size: 18px;\" width=\"73\">\n<p style=\"font-size: 18px;\"><span style=\"color: #ffffff;\"><b>1<\/b><\/span><\/p>\n<\/td>\n<td style=\"font-size: 18px;\" width=\"150\">\n<p style=\"font-size: 18px;\">\n<\/p><\/td>\n<\/tr>\n<tr style=\"font-size: 18px;\">\n<td style=\"font-size: 18px;\" width=\"378\">\n<p style=\"font-size: 18px;\"><span style=\"color: #ffffff;\"><b>Plotter de impresi\u00f3n<\/b><\/span><\/p>\n<\/td>\n<td style=\"font-size: 18px;\" width=\"73\">\n<p style=\"font-size: 18px;\"><span style=\"color: #ffffff;\"><b>1<\/b><\/span><\/p>\n<\/td>\n<td style=\"font-size: 18px;\" width=\"150\">\n<p style=\"font-size: 18px;\">\n<\/p><\/td>\n<\/tr>\n<tr style=\"font-size: 18px;\">\n<td style=\"font-size: 18px;\" width=\"378\">\n<p style=\"font-size: 18px;\"><span style=\"color: #ffffff;\"><b>Impresora l\u00e1ser cuatricrom\u00eda<\/b><\/span><\/p>\n<\/td>\n<td style=\"font-size: 18px;\" width=\"73\">\n<p style=\"font-size: 18px;\"><span style=\"color: #ffffff;\"><b>1<\/b><\/span><\/p>\n<\/td>\n<td style=\"font-size: 18px;\" width=\"150\">\n<p style=\"font-size: 18px;\">\n<\/p><\/td>\n<\/tr>\n<tr style=\"font-size: 18px;\">\n<td style=\"font-size: 18px;\" width=\"378\">\n<p style=\"font-size: 18px;\"><span style=\"color: #ffffff;\"><b>Termo conformadora<\/b><\/span><\/p>\n<\/td>\n<td style=\"font-size: 18px;\" width=\"73\">\n<p style=\"font-size: 18px;\"><span style=\"color: #ffffff;\"><b>1<\/b><\/span><\/p>\n<\/td>\n<td style=\"font-size: 18px;\" width=\"150\">\n<p style=\"font-size: 18px;\">\n<\/p><\/td>\n<\/tr>\n<\/tbody>\n<\/table>\n<div><\/div>\n<\/div>\n<div><\/div>\t\t\t\t\t\t<\/div>\n\t\t\t\t<\/div>\n\t\t\t\t\t<\/div>\n\t\t<\/div>\n\t\t\t\t<div class=\"elementor-column elementor-col-50 elementor-top-column elementor-element elementor-element-dfde2cc\" data-id=\"dfde2cc\" data-element_type=\"column\" data-settings=\"{&quot;architecturer_ext_is_mobile_menu&quot;:&quot;false&quot;,&quot;architecturer_ext_is_scrollme&quot;:&quot;false&quot;,&quot;architecturer_ext_is_smoove&quot;:&quot;false&quot;,&quot;architecturer_ext_is_parallax_mouse&quot;:&quot;false&quot;,&quot;architecturer_ext_is_infinite&quot;:&quot;false&quot;,&quot;architecturer_ext_is_fadeout_animation&quot;:&quot;false&quot;}\">\n\t\t\t<div class=\"elementor-widget-wrap elementor-element-populated\">\n\t\t\t\t\t\t\t\t\t<\/div>\n\t\t<\/div>\n\t\t\t\t\t\t\t<\/div>\n\t\t<\/section>\n\t\t\t\t\t\t<\/div>\n\t\t\t\t\t<\/div>\n\t\t","protected":false},"excerpt":{"rendered":"<p>Infraestructura Equipamiento Detalle infraestructuraEscuela de Dise\u00f1o &nbsp; La Escuela de Dise\u00f1o se encuentra emplazada en un edificio de uso exclusivo, de 1104 metros cuadrados habilitados. Cuenta con 4 salas para la realizaci\u00f3n de actividades colectivas, 1 Hall central multiusos, 1 [&hellip;]<\/p>\n","protected":false},"author":4,"featured_media":0,"parent":1078,"menu_order":0,"comment_status":"closed","ping_status":"closed","template":"","meta":{"_monsterinsights_skip_tracking":false,"_monsterinsights_sitenote_active":false,"_monsterinsights_sitenote_note":"","_monsterinsights_sitenote_category":0,"footnotes":""},"class_list":["post-3460","page","type-page","status-publish","hentry"],"_links":{"self":[{"href":"https:\/\/diseno.utalca.cl\/index.php?rest_route=\/wp\/v2\/pages\/3460","targetHints":{"allow":["GET"]}}],"collection":[{"href":"https:\/\/diseno.utalca.cl\/index.php?rest_route=\/wp\/v2\/pages"}],"about":[{"href":"https:\/\/diseno.utalca.cl\/index.php?rest_route=\/wp\/v2\/types\/page"}],"author":[{"embeddable":true,"href":"https:\/\/diseno.utalca.cl\/index.php?rest_route=\/wp\/v2\/users\/4"}],"replies":[{"embeddable":true,"href":"https:\/\/diseno.utalca.cl\/index.php?rest_route=%2Fwp%2Fv2%2Fcomments&post=3460"}],"version-history":[{"count":118,"href":"https:\/\/diseno.utalca.cl\/index.php?rest_route=\/wp\/v2\/pages\/3460\/revisions"}],"predecessor-version":[{"id":5296,"href":"https:\/\/diseno.utalca.cl\/index.php?rest_route=\/wp\/v2\/pages\/3460\/revisions\/5296"}],"up":[{"embeddable":true,"href":"https:\/\/diseno.utalca.cl\/index.php?rest_route=\/wp\/v2\/pages\/1078"}],"wp:attachment":[{"href":"https:\/\/diseno.utalca.cl\/index.php?rest_route=%2Fwp%2Fv2%2Fmedia&parent=3460"}],"curies":[{"name":"wp","href":"https:\/\/api.w.org\/{rel}","templated":true}]}}