{"id":3482,"date":"2023-06-16T11:41:04","date_gmt":"2023-06-16T14:41:04","guid":{"rendered":"http:\/\/www.desarrollowpdiseno.utalca.cl\/?page_id=3482"},"modified":"2024-12-11T09:36:20","modified_gmt":"2024-12-11T12:36:20","slug":"convenios","status":"publish","type":"page","link":"https:\/\/diseno.utalca.cl\/?page_id=3482","title":{"rendered":"Convenios"},"content":{"rendered":"\t\t<div data-elementor-type=\"wp-page\" data-elementor-id=\"3482\" class=\"elementor elementor-3482\" data-elementor-settings=\"[]\">\n\t\t\t\t\t\t\t<div class=\"elementor-section-wrap\">\n\t\t\t\t\t\t\t<section class=\"elementor-section elementor-top-section elementor-element elementor-element-ededfb3 elementor-section-height-min-height elementor-section-stretched elementor-section-boxed elementor-section-height-default elementor-section-items-middle\" data-id=\"ededfb3\" data-element_type=\"section\" data-settings=\"{&quot;stretch_section&quot;:&quot;section-stretched&quot;,&quot;background_background&quot;:&quot;video&quot;,&quot;background_video_start&quot;:5,&quot;background_video_end&quot;:60,&quot;background_video_link&quot;:&quot;https:\\\/\\\/www.youtube.com\\\/watch?v=N2g60n9YyzQ&amp;ab_channel=dise%C3%B1oUtalca&quot;,&quot;background_play_on_mobile&quot;:&quot;yes&quot;,&quot;architecturer_ext_is_background_parallax&quot;:&quot;false&quot;,&quot;architecturer_ext_is_background_on_scroll&quot;:&quot;false&quot;}\">\n\t\t\t\t\t\t\t\t<div class=\"elementor-background-video-container\">\n\t\t\t\t\t\t\t\t\t\t\t\t\t<div class=\"elementor-background-video-embed\"><\/div>\n\t\t\t\t\t\t\t\t\t\t\t\t<\/div>\n\t\t\t\t\t\t\t\t\t<div class=\"elementor-background-overlay\"><\/div>\n\t\t\t\t\t\t\t<div class=\"elementor-container elementor-column-gap-default\">\n\t\t\t\t\t<div class=\"elementor-column elementor-col-100 elementor-top-column elementor-element elementor-element-da02b03\" data-id=\"da02b03\" data-element_type=\"column\" data-settings=\"{&quot;architecturer_ext_is_mobile_menu&quot;:&quot;false&quot;,&quot;architecturer_ext_is_scrollme&quot;:&quot;false&quot;,&quot;architecturer_ext_is_smoove&quot;:&quot;false&quot;,&quot;architecturer_ext_is_parallax_mouse&quot;:&quot;false&quot;,&quot;architecturer_ext_is_infinite&quot;:&quot;false&quot;,&quot;architecturer_ext_is_fadeout_animation&quot;:&quot;false&quot;}\">\n\t\t\t<div class=\"elementor-widget-wrap elementor-element-populated\">\n\t\t\t\t\t\t\t\t<div class=\"elementor-element elementor-element-b8da971 elementor-widget elementor-widget-architecturer-animated-text\" data-id=\"b8da971\" data-element_type=\"widget\" data-settings=\"{&quot;architecturer_ext_is_mobile_menu&quot;:&quot;false&quot;,&quot;architecturer_ext_is_scrollme&quot;:&quot;false&quot;,&quot;architecturer_ext_is_smoove&quot;:&quot;false&quot;,&quot;architecturer_ext_is_parallax_mouse&quot;:&quot;false&quot;,&quot;architecturer_ext_is_infinite&quot;:&quot;false&quot;,&quot;architecturer_ext_is_fadeout_animation&quot;:&quot;false&quot;}\" data-widget_type=\"architecturer-animated-text.default\">\n\t\t\t\t<div class=\"elementor-widget-container\">\n\t\t\t<div class=\"themegoods-animated-text text-alignment-left transition-bottom overflow-hidden\" data-delimiter=\"sentence\" data-transition=\"100\" data-transition-delay=\"0\" data-transition-duration=\"800\">\n\t\t<h2>\n\t\t\t<\/h2>\n\t<\/div>\t\t<\/div>\n\t\t\t\t<\/div>\n\t\t\t\t<div class=\"elementor-element elementor-element-a9782b9 elementor-widget elementor-widget-architecturer-animated-headline\" data-id=\"a9782b9\" data-element_type=\"widget\" data-settings=\"{&quot;architecturer_ext_is_mobile_menu&quot;:&quot;false&quot;,&quot;architecturer_ext_is_scrollme&quot;:&quot;false&quot;,&quot;architecturer_ext_is_smoove&quot;:&quot;false&quot;,&quot;architecturer_ext_is_parallax_mouse&quot;:&quot;false&quot;,&quot;architecturer_ext_is_infinite&quot;:&quot;false&quot;,&quot;architecturer_ext_is_fadeout_animation&quot;:&quot;false&quot;}\" data-widget_type=\"architecturer-animated-headline.default\">\n\t\t\t\t<div class=\"elementor-widget-container\">\n\t\t\t<div class=\"themegoods-animated-headline text-alignment-left\" data-animation=\"push\">\n\t<h1 class=\"animated-headline ah-headline\">\n\t\t\t\t<span class=\"ah-words-wrapper\">\n\t\t\t\t<b class=\"is-visible\">Convenios<\/b>\n\t\t\t\t<b >y Colaboradores<\/b>\n\t\t\t<\/span>\n\t\t\n\t\t<\/h1>\n<\/div>\t\t<\/div>\n\t\t\t\t<\/div>\n\t\t\t\t\t<\/div>\n\t\t<\/div>\n\t\t\t\t\t\t\t<\/div>\n\t\t<\/section>\n\t\t\t\t<section class=\"elementor-section elementor-top-section elementor-element elementor-element-6f54bc7 elementor-section-boxed elementor-section-height-default elementor-section-height-default\" data-id=\"6f54bc7\" data-element_type=\"section\" data-settings=\"{&quot;architecturer_ext_is_background_parallax&quot;:&quot;false&quot;,&quot;architecturer_ext_is_background_on_scroll&quot;:&quot;false&quot;}\">\n\t\t\t\t\t\t<div class=\"elementor-container elementor-column-gap-default\">\n\t\t\t\t\t<div class=\"elementor-column elementor-col-100 elementor-top-column elementor-element elementor-element-ab85123\" data-id=\"ab85123\" data-element_type=\"column\" data-settings=\"{&quot;architecturer_ext_is_mobile_menu&quot;:&quot;false&quot;,&quot;architecturer_ext_is_scrollme&quot;:&quot;false&quot;,&quot;architecturer_ext_is_smoove&quot;:&quot;false&quot;,&quot;architecturer_ext_is_parallax_mouse&quot;:&quot;false&quot;,&quot;architecturer_ext_is_infinite&quot;:&quot;false&quot;,&quot;architecturer_ext_is_fadeout_animation&quot;:&quot;false&quot;}\">\n\t\t\t<div class=\"elementor-widget-wrap elementor-element-populated\">\n\t\t\t\t\t\t\t\t<div class=\"elementor-element elementor-element-a11733b elementor-widget elementor-widget-spacer\" data-id=\"a11733b\" data-element_type=\"widget\" data-settings=\"{&quot;architecturer_ext_is_mobile_menu&quot;:&quot;false&quot;,&quot;architecturer_ext_is_scrollme&quot;:&quot;false&quot;,&quot;architecturer_ext_is_smoove&quot;:&quot;false&quot;,&quot;architecturer_ext_is_parallax_mouse&quot;:&quot;false&quot;,&quot;architecturer_ext_is_infinite&quot;:&quot;false&quot;,&quot;architecturer_ext_is_fadeout_animation&quot;:&quot;false&quot;}\" data-widget_type=\"spacer.default\">\n\t\t\t\t<div class=\"elementor-widget-container\">\n\t\t\t\t\t<div class=\"elementor-spacer\">\n\t\t\t<div class=\"elementor-spacer-inner\"><\/div>\n\t\t<\/div>\n\t\t\t\t<\/div>\n\t\t\t\t<\/div>\n\t\t\t\t\t<\/div>\n\t\t<\/div>\n\t\t\t\t\t\t\t<\/div>\n\t\t<\/section>\n\t\t\t\t<section class=\"elementor-section elementor-top-section elementor-element elementor-element-87ec382 elementor-section-stretched elementor-section-boxed elementor-section-height-default elementor-section-height-default\" data-id=\"87ec382\" data-element_type=\"section\" data-settings=\"{&quot;stretch_section&quot;:&quot;section-stretched&quot;,&quot;background_background&quot;:&quot;classic&quot;,&quot;architecturer_ext_is_background_parallax&quot;:&quot;false&quot;,&quot;architecturer_ext_is_background_on_scroll&quot;:&quot;false&quot;}\">\n\t\t\t\t\t\t<div class=\"elementor-container elementor-column-gap-wide\">\n\t\t\t\t\t<div class=\"elementor-column elementor-col-100 elementor-top-column elementor-element elementor-element-889cdae\" data-id=\"889cdae\" data-element_type=\"column\" data-settings=\"{&quot;architecturer_ext_is_mobile_menu&quot;:&quot;false&quot;,&quot;architecturer_ext_is_scrollme&quot;:&quot;false&quot;,&quot;architecturer_ext_is_smoove&quot;:&quot;false&quot;,&quot;architecturer_ext_is_parallax_mouse&quot;:&quot;false&quot;,&quot;architecturer_ext_is_infinite&quot;:&quot;false&quot;,&quot;architecturer_ext_is_fadeout_animation&quot;:&quot;false&quot;}\">\n\t\t\t<div class=\"elementor-widget-wrap elementor-element-populated\">\n\t\t\t\t\t\t\t\t<div class=\"elementor-element elementor-element-bc55016 elementor-widget elementor-widget-heading\" data-id=\"bc55016\" data-element_type=\"widget\" data-settings=\"{&quot;architecturer_ext_is_mobile_menu&quot;:&quot;false&quot;,&quot;architecturer_ext_is_scrollme&quot;:&quot;false&quot;,&quot;architecturer_ext_is_smoove&quot;:&quot;false&quot;,&quot;architecturer_ext_is_parallax_mouse&quot;:&quot;false&quot;,&quot;architecturer_ext_is_infinite&quot;:&quot;false&quot;,&quot;architecturer_ext_is_fadeout_animation&quot;:&quot;false&quot;}\" data-widget_type=\"heading.default\">\n\t\t\t\t<div class=\"elementor-widget-container\">\n\t\t\t<style>\/*! elementor - v3.5.3 - 28-12-2021 *\/\n.elementor-heading-title{padding:0;margin:0;line-height:1}.elementor-widget-heading .elementor-heading-title[class*=elementor-size-]>a{color:inherit;font-size:inherit;line-height:inherit}.elementor-widget-heading .elementor-heading-title.elementor-size-small{font-size:15px}.elementor-widget-heading .elementor-heading-title.elementor-size-medium{font-size:19px}.elementor-widget-heading .elementor-heading-title.elementor-size-large{font-size:29px}.elementor-widget-heading .elementor-heading-title.elementor-size-xl{font-size:39px}.elementor-widget-heading .elementor-heading-title.elementor-size-xxl{font-size:59px}<\/style><h2 class=\"elementor-heading-title elementor-size-default\"><br><br><br><br>Empresas e Instituciones<br>vinculadas a Talleres<\/h2>\t\t<\/div>\n\t\t\t\t<\/div>\n\t\t\t\t\t<\/div>\n\t\t<\/div>\n\t\t\t\t\t\t\t<\/div>\n\t\t<\/section>\n\t\t\t\t<section class=\"elementor-section elementor-top-section elementor-element elementor-element-d1700e2 elementor-section-boxed elementor-section-height-default elementor-section-height-default\" data-id=\"d1700e2\" data-element_type=\"section\" data-settings=\"{&quot;architecturer_ext_is_background_parallax&quot;:&quot;false&quot;,&quot;architecturer_ext_is_background_on_scroll&quot;:&quot;false&quot;}\">\n\t\t\t\t\t\t<div class=\"elementor-container elementor-column-gap-default\">\n\t\t\t\t\t<div class=\"elementor-column elementor-col-100 elementor-top-column elementor-element elementor-element-c14a5e7\" data-id=\"c14a5e7\" data-element_type=\"column\" data-settings=\"{&quot;architecturer_ext_is_mobile_menu&quot;:&quot;false&quot;,&quot;architecturer_ext_is_scrollme&quot;:&quot;false&quot;,&quot;architecturer_ext_is_smoove&quot;:&quot;false&quot;,&quot;architecturer_ext_is_parallax_mouse&quot;:&quot;false&quot;,&quot;architecturer_ext_is_infinite&quot;:&quot;false&quot;,&quot;architecturer_ext_is_fadeout_animation&quot;:&quot;false&quot;}\">\n\t\t\t<div class=\"elementor-widget-wrap\">\n\t\t\t\t\t\t\t\t\t<\/div>\n\t\t<\/div>\n\t\t\t\t\t\t\t<\/div>\n\t\t<\/section>\n\t\t\t\t<section class=\"elementor-section elementor-top-section elementor-element elementor-element-8eff098 elementor-section-stretched elementor-section-content-middle elementor-section-boxed elementor-section-height-default elementor-section-height-default\" data-id=\"8eff098\" data-element_type=\"section\" data-settings=\"{&quot;stretch_section&quot;:&quot;section-stretched&quot;,&quot;background_background&quot;:&quot;classic&quot;,&quot;architecturer_ext_is_background_parallax&quot;:&quot;false&quot;,&quot;architecturer_ext_is_background_on_scroll&quot;:&quot;false&quot;}\">\n\t\t\t\t\t\t<div class=\"elementor-container elementor-column-gap-default\">\n\t\t\t\t\t<div class=\"elementor-column elementor-col-100 elementor-top-column elementor-element elementor-element-5cd9c80\" data-id=\"5cd9c80\" data-element_type=\"column\" data-settings=\"{&quot;background_background&quot;:&quot;classic&quot;,&quot;architecturer_ext_is_mobile_menu&quot;:&quot;false&quot;,&quot;architecturer_ext_is_scrollme&quot;:&quot;false&quot;,&quot;architecturer_ext_is_smoove&quot;:&quot;false&quot;,&quot;architecturer_ext_is_parallax_mouse&quot;:&quot;false&quot;,&quot;architecturer_ext_is_infinite&quot;:&quot;false&quot;,&quot;architecturer_ext_is_fadeout_animation&quot;:&quot;false&quot;}\">\n\t\t\t<div class=\"elementor-widget-wrap elementor-element-populated\">\n\t\t\t\t\t\t\t\t<div class=\"elementor-element elementor-element-e3a7906 elementor-widget elementor-widget-text-editor\" data-id=\"e3a7906\" data-element_type=\"widget\" data-settings=\"{&quot;architecturer_ext_is_mobile_menu&quot;:&quot;false&quot;,&quot;architecturer_ext_is_scrollme&quot;:&quot;false&quot;,&quot;architecturer_ext_is_smoove&quot;:&quot;false&quot;,&quot;architecturer_ext_is_parallax_mouse&quot;:&quot;false&quot;,&quot;architecturer_ext_is_infinite&quot;:&quot;false&quot;,&quot;architecturer_ext_is_fadeout_animation&quot;:&quot;false&quot;}\" data-widget_type=\"text-editor.default\">\n\t\t\t\t<div class=\"elementor-widget-container\">\n\t\t\t<style>\/*! elementor - v3.5.3 - 28-12-2021 *\/\n.elementor-widget-text-editor.elementor-drop-cap-view-stacked .elementor-drop-cap{background-color:#818a91;color:#fff}.elementor-widget-text-editor.elementor-drop-cap-view-framed .elementor-drop-cap{color:#818a91;border:3px solid;background-color:transparent}.elementor-widget-text-editor:not(.elementor-drop-cap-view-default) .elementor-drop-cap{margin-top:8px}.elementor-widget-text-editor:not(.elementor-drop-cap-view-default) .elementor-drop-cap-letter{width:1em;height:1em}.elementor-widget-text-editor .elementor-drop-cap{float:left;text-align:center;line-height:1;font-size:50px}.elementor-widget-text-editor .elementor-drop-cap-letter{display:inline-block}<\/style>\t\t\t\t<table style=\"height: auto; overflow-x: auto;\" width=\"auto\">\n<tbody>\n<tr>\n<td width=\"auto\">A\u00d1O<\/td>\n<td width=\"auto\">TALLER<\/td>\n<td width=\"auto\">PROFESOR\/A<\/td>\n<td width=\"auto\">EMPRESA O INSTITUCI\u00d3N VINCULADA<\/td>\n<\/tr>\n<tr>\n<td>2017<\/td>\n<td>Proyectos 2<\/td>\n<td width=\"auto\">Luz Mar\u00eda Gonz\u00e1lez &#8211; Alejandro Lobos<\/td>\n<td width=\"auto\">&nbsp;Empresa Productora de Aceite de Oliva &#8221; Las Doscientas&#8221; Botalcura &#8211; Regi\u00f3n del Maule<\/td>\n<\/tr>\n<tr>\n<td>2017<\/td>\n<td>Proyectos 3<\/td>\n<td width=\"auto\">Luz Mar\u00eda Gonz\u00e1lez &#8211; Alejandro Lobos<\/td>\n<td width=\"auto\">&nbsp;Conaf &#8211; Regi\u00f3n del Maule | \u00c1rea Reservas y Parques Nacionales &#8221; Los Ruiles&#8221;.<\/td>\n<\/tr>\n<tr>\n<td>2017<\/td>\n<td>Proyectos 5<\/td>\n<td width=\"auto\">Javier Lorca &#8211; <br>Alejandro Lobos<\/td>\n<td width=\"auto\">&nbsp;Municipalidad de Talca \/ Dise\u00f1o de Mobiliario Urbano<\/td>\n<\/tr>\n<tr>\n<td>2018<\/td>\n<td>Proyectos 2<\/td>\n<td width=\"auto\">Luz Mar\u00eda Gonz\u00e1lez &#8211; Alejandro Lobos<\/td>\n<td width=\"auto\">&nbsp;Centro Tecnol\u00f3gico de la Vid y el Vino Universidad de Talca &#8211;<br>Vi\u00f1as Asociadas Proyecto Espumante &#8211; Vi\u00f1a Miguel Torres<\/td>\n<\/tr>\n<tr>\n<td>2018<\/td>\n<td>Proyectos 3<\/td>\n<td width=\"auto\">Luz Mar\u00eda Gonz\u00e1lez &#8211; Alejandro Lobos<\/td>\n<td width=\"auto\">&nbsp;Gobierno Regional del Maule &#8211; Corporaci\u00f3n Regional Desarrollo Productivo &#8211;<br>\u00c1rea Turismo e Intereses Especiales<\/td>\n<\/tr>\n<tr>\n<td>2018<\/td>\n<td>Proyectos 5<\/td>\n<td width=\"auto\">Javier Lorca &#8211; <br>Alejandro Lobos<\/td>\n<td width=\"auto\">&nbsp;Perfomallas \/ Dise\u00f1o de Equipamiento<\/td>\n<\/tr>\n<tr>\n<td>2019<\/td>\n<td>Proyectos 2<\/td>\n<td width=\"auto\">Luz Mar\u00eda Gonz\u00e1lez &#8211;&nbsp; <br>Jos\u00e9 Ignacio Torres<\/td>\n<td width=\"auto\">&nbsp;Vi\u00f1a Caliboro &#8211; Vi\u00f1a Gonz\u00e1lez Bast\u00edas &#8211;&nbsp; Cooperativa Agr\u00edcola Vitivin\u00edcola Loncomilla &#8211; Centro Tecnol\u00f3gico de la Vid y el Vino Universidad de Talca<\/td>\n<\/tr>\n<tr>\n<td>2019<\/td>\n<td>Proyectos 3<\/td>\n<td width=\"auto\">Luz Mar\u00eda Gonz\u00e1lez &#8211; Gonzalo Mu\u00f1oz &#8211;<br>Jos\u00e9 Ignacio Torres<\/td>\n<td width=\"auto\">Gobierno Regional del Maule -Alcalde de Mar, Laguna del Maule.<\/td>\n<\/tr>\n<tr>\n<td>2020<\/td>\n<td>Proyectos 2<\/td>\n<td width=\"auto\">Luz Mar\u00eda Gonz\u00e1lez &#8211; <br>Jos\u00e9 Ignacio Torres<\/td>\n<td width=\"auto\">Ilustre Municipalidad de Pencahue, Prodesal&nbsp; Regi\u00f3n del Maule &#8211; Vi\u00f1as Santa Isabel -Curtidur\u00eda y Vi\u00f1a Tutucura &#8211; Botalcura y Centro Tecnol\u00f3gico de la Vid y el Vino<br>Universidad de Talca<\/td>\n<\/tr>\n<tr>\n<td>2021<\/td>\n<td>Proyectos 2<\/td>\n<td width=\"auto\">Luz Mar\u00eda Gonz\u00e1lez &#8211; <br>Jos\u00e9 Ignacio Torres<\/td>\n<td width=\"auto\">Ilustre Municipalidad de San Javier | Direcci\u00f3n Desarrollo Productivo &#8211; <br>Vi\u00f1a Camila\u00b4s &#8211; Vi\u00f1a San Seraf\u00edn &#8211; Vi\u00f1a Lacre Rojo de Melozal.<\/td>\n<\/tr>\n<tr>\n<td>2021<\/td>\n<td>Proyectos 4<\/td>\n<td width=\"auto\">Jorge Cartes &#8211; <br>Alejandro Lobos<\/td>\n<td width=\"auto\">Hub de alimentos \/ Marcas y apoyo al desarrollo de emprendimientos<\/td>\n<\/tr>\n<tr>\n<td>2021<\/td>\n<td>Proyectos 5<\/td>\n<td width=\"auto\">Javier Lorca &#8211; <br>Zinnia Silva<\/td>\n<td width=\"auto\">INIA Cauquenes \/ Productores de Asoleado (7 Productores)<\/td>\n<\/tr>\n<tr>\n<td>2022<\/td>\n<td>Proyectos 2<\/td>\n<td width=\"auto\">Luz Mar\u00eda Gonz\u00e1lez &#8211; <br>Jos\u00e9 Ignacio Torres<\/td>\n<td width=\"auto\">Ilustre Municipalidad de San Javier | Direcci\u00f3n Desarrollo Productivo |<br>Vi\u00f1a L.M. Montt &#8211; Vi\u00f1a Caliboro Aventura &#8211; <span style=\"font-family: inherit; font-size: inherit;\">Vi\u00f1a Saavedra de Melozal.<\/span><\/td>\n<\/tr>\n<tr>\n<td>2022<\/td>\n<td>Proyectos 4<\/td>\n<td width=\"auto\">Jorge Cartes &#8211; <br>Alejandro Lobos<\/td>\n<td width=\"auto\">Molino Victoria \/ Desarrollo de propuestas Econom\u00eda Circular<\/td>\n<\/tr>\n<tr>\n<td>2022<\/td>\n<td>Proyectos 4<\/td>\n<td width=\"auto\">Javier Lorca &#8211; <br>Zinnia Silva<\/td>\n<td width=\"auto\">Empresarios del Mueble \/ Regi\u00f3n del Maule (7 empresas)<\/td>\n<\/tr>\n<\/tbody>\n<\/table>\n<table style=\"font-weight: bold; font-style: normal; font-size: 16px; font-family: Cabin; height: auto; overflow-x: auto;\" width=\"auto\">\n<tbody style=\"font-size: 16px;\">\n<tr style=\"font-size: 16px;\">\n<td style=\"font-size: 16px;\">2023<\/td>\n<td style=\"font-size: 16px;\">Proyectos <br>2<\/td>\n<td style=\"font-size: 16px;\" width=\"auto\">&nbsp; Luz Mar\u00eda Gonz\u00e1lez &#8211;<br>&nbsp; Jos\u00e9 Ignacio Torres<\/td>\n<td style=\"font-size: 16px;\" width=\"auto\">&nbsp; &nbsp; &nbsp; &nbsp; &nbsp; &nbsp; &nbsp; Ilustre Municipalidad de San Javier | Direcci\u00f3n Desarrollo Productivo |<br>&nbsp; &nbsp; &nbsp; &nbsp; &nbsp; &nbsp; &nbsp; Vi\u00f1a Entre Rosas y Parras &#8211; Vi\u00f1a Julieta &#8211;&nbsp;<span style=\"font-size: inherit;\">Vi\u00f1a Casa V\u00e1squez<br>&nbsp; &nbsp; &nbsp; &nbsp; &nbsp; &nbsp; &nbsp; Vi\u00f1a Caliboro Aventura &#8211; Vi\u00f1a Lacre Rojo &#8211; Vi\u00f1a Santa Clotilde<br><\/span><\/td>\n<\/tr>\n<\/tbody>\n<\/table>\n<table width=\"auto\" style=\"font-weight: bold; font-style: normal; font-size: 16px; font-family: Cabin; height: auto; overflow-x: auto;\">\n<tbody style=\"font-size: 16px;\">\n<tr style=\"font-size: 16px;\">\n<td style=\"font-size: 16px;\">2023<\/td>\n<td style=\"font-size: 16px;\">TICP<br><br><\/td>\n<td width=\"auto\" style=\"font-size: 16px;\">&nbsp; &nbsp; &nbsp; &nbsp; &nbsp; &nbsp;Alejandro Olea-<br>&nbsp; &nbsp; &nbsp; &nbsp; &nbsp; &nbsp;Alejandro Lobos<\/td>\n<td width=\"auto\" style=\"font-size: 16px;\">&nbsp; &nbsp; &nbsp; &nbsp; &nbsp; &nbsp; &nbsp; &nbsp; &nbsp; &nbsp; &nbsp; &nbsp; Marcelo Ja\u00f1a, Paulo Russo, Carlos Bustos<br>&nbsp; &nbsp; &nbsp; &nbsp; &nbsp; &nbsp; &nbsp; &nbsp; &nbsp; &nbsp; &nbsp; &nbsp; Carrera Gastronom\u00eda, Santo Tom\u00e1s, Talca.<\/td>\n<\/tr>\n<\/tbody>\n<\/table>\n<table width=\"auto\" style=\"font-weight: bold; font-style: normal; font-size: 16px; font-family: Cabin; height: auto; overflow-x: auto;\">\n<tbody style=\"font-size: 16px;\">\n<tr style=\"font-size: 16px;\">\n<td style=\"font-size: 16px;\">2024<\/td>\n<td style=\"font-size: 16px;\">Proyectos<br>2<\/td>\n<td width=\"auto\" style=\"font-size: 16px;\">&nbsp; Luz Mar\u00eda Gonz\u00e1lez &#8211;<br>&nbsp; Jos\u00e9 Ignacio Torres<\/td>\n<td width=\"auto\" style=\"font-size: 16px;\">&nbsp; &nbsp; &nbsp; &nbsp; &nbsp; &nbsp; &nbsp; Direcci\u00f3n General de V\u00ednculo con el Medio, Universidad de Talca<br>&nbsp; &nbsp; &nbsp; &nbsp; &nbsp; &nbsp; &nbsp; Felipe Bengoa, Mappin Chile | Roberto Acu\u00f1a, Bi\u00f3logo marino<span style=\"font-size: inherit;\"><br>&nbsp; &nbsp; &nbsp; &nbsp; &nbsp; &nbsp; &nbsp; Dirigentes caletas del Maule &#8211; Representantes SUBPESCA, SERNAPESCA<\/span><\/td>\n<\/tr>\n<\/tbody>\n<\/table>\t\t\t\t\t\t<\/div>\n\t\t\t\t<\/div>\n\t\t\t\t\t<\/div>\n\t\t<\/div>\n\t\t\t\t\t\t\t<\/div>\n\t\t<\/section>\n\t\t\t\t\t\t<\/div>\n\t\t\t\t\t<\/div>\n\t\t","protected":false},"excerpt":{"rendered":"<p>Convenios y Colaboradores Empresas e Institucionesvinculadas a Talleres A\u00d1O TALLER PROFESOR\/A EMPRESA O INSTITUCI\u00d3N VINCULADA 2017 Proyectos 2 Luz Mar\u00eda Gonz\u00e1lez &#8211; Alejandro Lobos &nbsp;Empresa Productora de Aceite de Oliva &#8221; Las Doscientas&#8221; Botalcura &#8211; Regi\u00f3n del Maule 2017 Proyectos [&hellip;]<\/p>\n","protected":false},"author":4,"featured_media":0,"parent":1078,"menu_order":0,"comment_status":"closed","ping_status":"closed","template":"","meta":{"_monsterinsights_skip_tracking":false,"_monsterinsights_sitenote_active":false,"_monsterinsights_sitenote_note":"","_monsterinsights_sitenote_category":0,"footnotes":""},"class_list":["post-3482","page","type-page","status-publish","hentry"],"_links":{"self":[{"href":"https:\/\/diseno.utalca.cl\/index.php?rest_route=\/wp\/v2\/pages\/3482","targetHints":{"allow":["GET"]}}],"collection":[{"href":"https:\/\/diseno.utalca.cl\/index.php?rest_route=\/wp\/v2\/pages"}],"about":[{"href":"https:\/\/diseno.utalca.cl\/index.php?rest_route=\/wp\/v2\/types\/page"}],"author":[{"embeddable":true,"href":"https:\/\/diseno.utalca.cl\/index.php?rest_route=\/wp\/v2\/users\/4"}],"replies":[{"embeddable":true,"href":"https:\/\/diseno.utalca.cl\/index.php?rest_route=%2Fwp%2Fv2%2Fcomments&post=3482"}],"version-history":[{"count":199,"href":"https:\/\/diseno.utalca.cl\/index.php?rest_route=\/wp\/v2\/pages\/3482\/revisions"}],"predecessor-version":[{"id":5812,"href":"https:\/\/diseno.utalca.cl\/index.php?rest_route=\/wp\/v2\/pages\/3482\/revisions\/5812"}],"up":[{"embeddable":true,"href":"https:\/\/diseno.utalca.cl\/index.php?rest_route=\/wp\/v2\/pages\/1078"}],"wp:attachment":[{"href":"https:\/\/diseno.utalca.cl\/index.php?rest_route=%2Fwp%2Fv2%2Fmedia&parent=3482"}],"curies":[{"name":"wp","href":"https:\/\/api.w.org\/{rel}","templated":true}]}}