{"id":3890,"date":"2023-07-04T11:59:48","date_gmt":"2023-07-04T14:59:48","guid":{"rendered":"http:\/\/www.desarrollowpdiseno.utalca.cl\/?page_id=3890"},"modified":"2024-11-25T16:52:00","modified_gmt":"2024-11-25T19:52:00","slug":"historia-2","status":"publish","type":"page","link":"https:\/\/diseno.utalca.cl\/?page_id=3890","title":{"rendered":"Historia"},"content":{"rendered":"\t\t<div data-elementor-type=\"wp-page\" data-elementor-id=\"3890\" class=\"elementor elementor-3890\" data-elementor-settings=\"[]\">\n\t\t\t\t\t\t\t<div class=\"elementor-section-wrap\">\n\t\t\t\t\t\t\t<section class=\"elementor-section elementor-top-section elementor-element elementor-element-ededfb3 elementor-section-height-min-height elementor-section-stretched elementor-section-boxed elementor-section-height-default elementor-section-items-middle\" data-id=\"ededfb3\" data-element_type=\"section\" data-settings=\"{&quot;stretch_section&quot;:&quot;section-stretched&quot;,&quot;background_background&quot;:&quot;slideshow&quot;,&quot;background_slideshow_gallery&quot;:[{&quot;id&quot;:3306,&quot;url&quot;:&quot;https:\\\/\\\/diseno.utalca.cl\\\/wp-content\\\/uploads\\\/2023\\\/06\\\/IMG_9327-scaled-e1688047903480.jpg&quot;},{&quot;id&quot;:3759,&quot;url&quot;:&quot;https:\\\/\\\/diseno.utalca.cl\\\/wp-content\\\/uploads\\\/2023\\\/06\\\/ESCUELA-DISEN\\u0303O-381-scaled.jpg&quot;}],&quot;background_slideshow_loop&quot;:&quot;yes&quot;,&quot;background_slideshow_slide_duration&quot;:5000,&quot;background_slideshow_slide_transition&quot;:&quot;fade&quot;,&quot;background_slideshow_transition_duration&quot;:500,&quot;architecturer_ext_is_background_parallax&quot;:&quot;false&quot;,&quot;architecturer_ext_is_background_on_scroll&quot;:&quot;false&quot;}\">\n\t\t\t\t\t\t\t<div class=\"elementor-background-overlay\"><\/div>\n\t\t\t\t\t\t\t<div class=\"elementor-container elementor-column-gap-default\">\n\t\t\t\t\t<div class=\"elementor-column elementor-col-100 elementor-top-column elementor-element elementor-element-da02b03\" data-id=\"da02b03\" data-element_type=\"column\" data-settings=\"{&quot;architecturer_ext_is_mobile_menu&quot;:&quot;false&quot;,&quot;architecturer_ext_is_scrollme&quot;:&quot;false&quot;,&quot;architecturer_ext_is_smoove&quot;:&quot;false&quot;,&quot;architecturer_ext_is_parallax_mouse&quot;:&quot;false&quot;,&quot;architecturer_ext_is_infinite&quot;:&quot;false&quot;,&quot;architecturer_ext_is_fadeout_animation&quot;:&quot;false&quot;}\">\n\t\t\t<div class=\"elementor-widget-wrap elementor-element-populated\">\n\t\t\t\t\t\t\t\t<div class=\"elementor-element elementor-element-b8da971 elementor-widget elementor-widget-architecturer-animated-text\" data-id=\"b8da971\" data-element_type=\"widget\" data-settings=\"{&quot;architecturer_ext_is_mobile_menu&quot;:&quot;false&quot;,&quot;architecturer_ext_is_scrollme&quot;:&quot;false&quot;,&quot;architecturer_ext_is_smoove&quot;:&quot;false&quot;,&quot;architecturer_ext_is_parallax_mouse&quot;:&quot;false&quot;,&quot;architecturer_ext_is_infinite&quot;:&quot;false&quot;,&quot;architecturer_ext_is_fadeout_animation&quot;:&quot;false&quot;}\" data-widget_type=\"architecturer-animated-text.default\">\n\t\t\t\t<div class=\"elementor-widget-container\">\n\t\t\t<div class=\"themegoods-animated-text text-alignment-left transition-bottom overflow-hidden\" data-delimiter=\"sentence\" data-transition=\"100\" data-transition-delay=\"0\" data-transition-duration=\"800\">\n\t\t<h2>\n\t\t\t<\/h2>\n\t<\/div>\t\t<\/div>\n\t\t\t\t<\/div>\n\t\t\t\t<div class=\"elementor-element elementor-element-a9782b9 elementor-widget elementor-widget-architecturer-animated-headline\" data-id=\"a9782b9\" data-element_type=\"widget\" data-settings=\"{&quot;architecturer_ext_is_mobile_menu&quot;:&quot;false&quot;,&quot;architecturer_ext_is_scrollme&quot;:&quot;false&quot;,&quot;architecturer_ext_is_smoove&quot;:&quot;false&quot;,&quot;architecturer_ext_is_parallax_mouse&quot;:&quot;false&quot;,&quot;architecturer_ext_is_infinite&quot;:&quot;false&quot;,&quot;architecturer_ext_is_fadeout_animation&quot;:&quot;false&quot;}\" data-widget_type=\"architecturer-animated-headline.default\">\n\t\t\t\t<div class=\"elementor-widget-container\">\n\t\t\t<div class=\"themegoods-animated-headline text-alignment-left\" data-animation=\"push\">\n\t<h1 class=\"animated-headline ah-headline\">\n\t\t\t\t<span class=\"ah-words-wrapper\">\n\t\t\t\t<b class=\"is-visible\">Historia<\/b>\n\t\t\t\t<b >Escuela<\/b>\n\t\t\t<\/span>\n\t\t\n\t\t<\/h1>\n<\/div>\t\t<\/div>\n\t\t\t\t<\/div>\n\t\t\t\t\t<\/div>\n\t\t<\/div>\n\t\t\t\t\t\t\t<\/div>\n\t\t<\/section>\n\t\t\t\t<section class=\"elementor-section elementor-top-section elementor-element elementor-element-6f54bc7 elementor-section-boxed elementor-section-height-default elementor-section-height-default\" data-id=\"6f54bc7\" data-element_type=\"section\" data-settings=\"{&quot;architecturer_ext_is_background_parallax&quot;:&quot;false&quot;,&quot;architecturer_ext_is_background_on_scroll&quot;:&quot;false&quot;}\">\n\t\t\t\t\t\t<div class=\"elementor-container elementor-column-gap-default\">\n\t\t\t\t\t<div class=\"elementor-column elementor-col-100 elementor-top-column elementor-element elementor-element-ab85123\" data-id=\"ab85123\" data-element_type=\"column\" data-settings=\"{&quot;architecturer_ext_is_mobile_menu&quot;:&quot;false&quot;,&quot;architecturer_ext_is_scrollme&quot;:&quot;false&quot;,&quot;architecturer_ext_is_smoove&quot;:&quot;false&quot;,&quot;architecturer_ext_is_parallax_mouse&quot;:&quot;false&quot;,&quot;architecturer_ext_is_infinite&quot;:&quot;false&quot;,&quot;architecturer_ext_is_fadeout_animation&quot;:&quot;false&quot;}\">\n\t\t\t<div class=\"elementor-widget-wrap elementor-element-populated\">\n\t\t\t\t\t\t\t\t<div class=\"elementor-element elementor-element-a11733b elementor-widget elementor-widget-spacer\" data-id=\"a11733b\" data-element_type=\"widget\" data-settings=\"{&quot;architecturer_ext_is_mobile_menu&quot;:&quot;false&quot;,&quot;architecturer_ext_is_scrollme&quot;:&quot;false&quot;,&quot;architecturer_ext_is_smoove&quot;:&quot;false&quot;,&quot;architecturer_ext_is_parallax_mouse&quot;:&quot;false&quot;,&quot;architecturer_ext_is_infinite&quot;:&quot;false&quot;,&quot;architecturer_ext_is_fadeout_animation&quot;:&quot;false&quot;}\" data-widget_type=\"spacer.default\">\n\t\t\t\t<div class=\"elementor-widget-container\">\n\t\t\t\t\t<div class=\"elementor-spacer\">\n\t\t\t<div class=\"elementor-spacer-inner\"><\/div>\n\t\t<\/div>\n\t\t\t\t<\/div>\n\t\t\t\t<\/div>\n\t\t\t\t\t<\/div>\n\t\t<\/div>\n\t\t\t\t\t\t\t<\/div>\n\t\t<\/section>\n\t\t\t\t<section class=\"elementor-section elementor-top-section elementor-element elementor-element-87ec382 elementor-section-stretched elementor-section-boxed elementor-section-height-default elementor-section-height-default\" data-id=\"87ec382\" data-element_type=\"section\" data-settings=\"{&quot;background_background&quot;:&quot;classic&quot;,&quot;stretch_section&quot;:&quot;section-stretched&quot;,&quot;architecturer_ext_is_background_parallax&quot;:&quot;false&quot;,&quot;architecturer_ext_is_background_on_scroll&quot;:&quot;false&quot;}\">\n\t\t\t\t\t\t<div class=\"elementor-container elementor-column-gap-extended\">\n\t\t\t\t\t<div class=\"elementor-column elementor-col-100 elementor-top-column elementor-element elementor-element-889cdae\" data-id=\"889cdae\" data-element_type=\"column\" data-settings=\"{&quot;architecturer_ext_is_mobile_menu&quot;:&quot;false&quot;,&quot;architecturer_ext_is_scrollme&quot;:&quot;false&quot;,&quot;architecturer_ext_is_smoove&quot;:&quot;false&quot;,&quot;architecturer_ext_is_parallax_mouse&quot;:&quot;false&quot;,&quot;architecturer_ext_is_infinite&quot;:&quot;false&quot;,&quot;architecturer_ext_is_fadeout_animation&quot;:&quot;false&quot;}\">\n\t\t\t<div class=\"elementor-widget-wrap elementor-element-populated\">\n\t\t\t\t\t\t\t\t<div class=\"elementor-element elementor-element-bc55016 elementor-widget elementor-widget-heading\" data-id=\"bc55016\" data-element_type=\"widget\" data-settings=\"{&quot;architecturer_ext_is_mobile_menu&quot;:&quot;false&quot;,&quot;architecturer_ext_is_scrollme&quot;:&quot;false&quot;,&quot;architecturer_ext_is_smoove&quot;:&quot;false&quot;,&quot;architecturer_ext_is_parallax_mouse&quot;:&quot;false&quot;,&quot;architecturer_ext_is_infinite&quot;:&quot;false&quot;,&quot;architecturer_ext_is_fadeout_animation&quot;:&quot;false&quot;}\" data-widget_type=\"heading.default\">\n\t\t\t\t<div class=\"elementor-widget-container\">\n\t\t\t<style>\/*! elementor - v3.5.3 - 28-12-2021 *\/\n.elementor-heading-title{padding:0;margin:0;line-height:1}.elementor-widget-heading .elementor-heading-title[class*=elementor-size-]>a{color:inherit;font-size:inherit;line-height:inherit}.elementor-widget-heading .elementor-heading-title.elementor-size-small{font-size:15px}.elementor-widget-heading .elementor-heading-title.elementor-size-medium{font-size:19px}.elementor-widget-heading .elementor-heading-title.elementor-size-large{font-size:29px}.elementor-widget-heading .elementor-heading-title.elementor-size-xl{font-size:39px}.elementor-widget-heading .elementor-heading-title.elementor-size-xxl{font-size:59px}<\/style><h2 class=\"elementor-heading-title elementor-size-default\"><br><br><br><br>Historia de la Escuela de Dise\u00f1o<\/h2>\t\t<\/div>\n\t\t\t\t<\/div>\n\t\t\t\t<div class=\"elementor-element elementor-element-053fc46 elementor-widget elementor-widget-heading\" data-id=\"053fc46\" data-element_type=\"widget\" data-settings=\"{&quot;architecturer_ext_is_mobile_menu&quot;:&quot;false&quot;,&quot;architecturer_ext_is_scrollme&quot;:&quot;false&quot;,&quot;architecturer_ext_is_smoove&quot;:&quot;false&quot;,&quot;architecturer_ext_is_parallax_mouse&quot;:&quot;false&quot;,&quot;architecturer_ext_is_infinite&quot;:&quot;false&quot;,&quot;architecturer_ext_is_fadeout_animation&quot;:&quot;false&quot;}\" data-widget_type=\"heading.default\">\n\t\t\t\t<div class=\"elementor-widget-container\">\n\t\t\t<h2 class=\"elementor-heading-title elementor-size-default\"><p><b>2004<\/b><\/p><p><span style=\"color: rgb(118, 113, 113); font-size: 18px; letter-spacing: 0px;\">Nuestra Escuela de Dise\u00f1o se funda el a\u00f1o 2004, para aportar valor a la Regi\u00f3n del Maule con un sello distintivo: desarrollar la disciplina del Dise\u00f1o con una visi\u00f3n integral, hol\u00edstica, de Dise\u00f1o de Productos. No quer\u00edamos dividir el Dise\u00f1o entre \"gr\u00e1fico\" e \"industrial\". El Dise\u00f1o es una disciplina que, para nosotros, involucra m\u00e1s que esas dos \u00e1reas disciplinares. El Dise\u00f1o busca resolver problemas a las personas y su entorno y, muchas veces, dichas soluciones son m\u00e1s complejas que la suma de elementos separados. \n<\/span>\nCreemos que dise\u00f1ar es un acto creativo, complejo, que busca dar soluciones \u00fatiles y bellas al entorno humano, social, productivo, cultural: lo que configura un territorio de acci\u00f3n para nosotros.<br><br><span style=\"color: rgb(118, 113, 113); font-size: 18px; letter-spacing: 0px;\">Desde que comenzamos, hemos innovado en un plan de estudios internacionalizado, \u00fanico en Latinoam\u00e9rica, con una estad\u00eda internacional de un semestre en la Universidad de Girona, en Catalu\u00f1a, Espa\u00f1a. Esto ha ayudado a nuestros estudiantes a ampliar la visi\u00f3n de mundo, tener nuevas experiencias, conocer otras realidades y volver a aportar y desarrollarse como dise\u00f1adores con una mirada m\u00e1s compleja, interesante, m\u00e1s madura.<\/span><br><br><span style=\"color: rgb(118, 113, 113); font-size: 18px; letter-spacing: 0px;\">En estos m\u00e1s de 20 a\u00f1os de Escuela, hemos le\u00eddo un territorio y nos relacionamos constantemente con sus habitantes y sus variadas realidades; hemos vinculado proyectos y el quehacer estudiantil con la capacidad productiva local, generando lazos con entidades gubernamentales, de fomento, con productores locales de peque\u00f1os emprendimientos y grandes empresas. Dise\u00f1amos desde un territorio, para el mundo.<\/span><span style=\"color: rgb(118, 113, 113); font-size: 18px; letter-spacing: 0px;\">\n<\/span><\/p>Pero no todo es vida local. Nuestros proyectos han sido seleccionados, expuestos y premiados en concursos internacionales, lo que nos llena de orgullo y nos ha hecho competir y estar presentes entre las escuelas de dise\u00f1o que m\u00e1s renombre tienen en el mundo. Entre otros, hemos sido premiados en la Bienal Iberoamericana de Dise\u00f1o de Espa\u00f1a (en m\u00faltiples ocasiones, ganando m\u00e1s premios que cualquier otras escuelas en algunos a\u00f1os), en el concurso Prototypes for Humanity (antes llamado Global Grad Show), en Dubai, Emiratos \u00c1rabes, entre otros.<br><br>Nuestro sello, intenci\u00f3n y valor est\u00e1 dado por la creatividad, sensibilidad y capacidad de innovaci\u00f3n -con una mirada global- que le damos a cada uno de los proyectos que aqu\u00ed realizamos. <br><p><br><\/p><br><b>DIRECTORES ESCUELA DE DISE\u00d1O <br><\/b><br><br>2004 - 2016<br><p><span style=\"color: rgb(118, 113, 113); font-size: 18px; letter-spacing: 0px;\">Jaime Parra Marchant <\/span><\/p><br>2017 - 2021<br><p><span style=\"color: rgb(118, 113, 113); font-size: 18px; letter-spacing: 0px;\">Raimundo Hamilton Cruchaga<\/span><\/p><br>2022 - 2023<br><p><span style=\"color: rgb(118, 113, 113); font-size: 18px; letter-spacing: 0px;\">Jorge Cartes Sanhueza <\/span><br><\/p><br><p>2024 - Actualidad\n<span style=\"color: var( --e-global-color-text ); font-size: 18px; letter-spacing: 0px;\">\nHonorato Merello Papa<\/span><\/p><p><span style=\"font-family: Cabin, sans-serif; font-size: 18px; font-weight: 600; letter-spacing: 0px;\"><\/span><\/p><p><span style=\"font-family: Cabin, sans-serif; font-size: 18px; font-weight: 600; letter-spacing: 0px;\"><\/span><\/p> <\/h2>\t\t<\/div>\n\t\t\t\t<\/div>\n\t\t\t\t\t<\/div>\n\t\t<\/div>\n\t\t\t\t\t\t\t<\/div>\n\t\t<\/section>\n\t\t\t\t\t\t<\/div>\n\t\t\t\t\t<\/div>\n\t\t","protected":false},"excerpt":{"rendered":"<p>Historia Escuela Historia de la Escuela de Dise\u00f1o 2004 Nuestra Escuela de Dise\u00f1o se funda el a\u00f1o 2004, para aportar valor a la Regi\u00f3n del Maule con un sello distintivo: desarrollar la disciplina del Dise\u00f1o con una visi\u00f3n integral, hol\u00edstica, [&hellip;]<\/p>\n","protected":false},"author":4,"featured_media":0,"parent":1078,"menu_order":0,"comment_status":"closed","ping_status":"closed","template":"","meta":{"_monsterinsights_skip_tracking":false,"_monsterinsights_sitenote_active":false,"_monsterinsights_sitenote_note":"","_monsterinsights_sitenote_category":0,"footnotes":""},"class_list":["post-3890","page","type-page","status-publish","hentry"],"_links":{"self":[{"href":"https:\/\/diseno.utalca.cl\/index.php?rest_route=\/wp\/v2\/pages\/3890","targetHints":{"allow":["GET"]}}],"collection":[{"href":"https:\/\/diseno.utalca.cl\/index.php?rest_route=\/wp\/v2\/pages"}],"about":[{"href":"https:\/\/diseno.utalca.cl\/index.php?rest_route=\/wp\/v2\/types\/page"}],"author":[{"embeddable":true,"href":"https:\/\/diseno.utalca.cl\/index.php?rest_route=\/wp\/v2\/users\/4"}],"replies":[{"embeddable":true,"href":"https:\/\/diseno.utalca.cl\/index.php?rest_route=%2Fwp%2Fv2%2Fcomments&post=3890"}],"version-history":[{"count":102,"href":"https:\/\/diseno.utalca.cl\/index.php?rest_route=\/wp\/v2\/pages\/3890\/revisions"}],"predecessor-version":[{"id":5783,"href":"https:\/\/diseno.utalca.cl\/index.php?rest_route=\/wp\/v2\/pages\/3890\/revisions\/5783"}],"up":[{"embeddable":true,"href":"https:\/\/diseno.utalca.cl\/index.php?rest_route=\/wp\/v2\/pages\/1078"}],"wp:attachment":[{"href":"https:\/\/diseno.utalca.cl\/index.php?rest_route=%2Fwp%2Fv2%2Fmedia&parent=3890"}],"curies":[{"name":"wp","href":"https:\/\/api.w.org\/{rel}","templated":true}]}}